{"id":1313,"date":"2025-08-14T21:40:02","date_gmt":"2025-08-14T19:40:02","guid":{"rendered":"https:\/\/dckancelaria.pl\/?page_id=1313"},"modified":"2025-08-15T16:11:03","modified_gmt":"2025-08-15T14:11:03","slug":"prawo-cywilne","status":"publish","type":"page","link":"https:\/\/dckancelaria.pl\/?page_id=1313","title":{"rendered":"Prawo cywilne"},"content":{"rendered":"\t\t<div data-elementor-type=\"wp-page\" data-elementor-id=\"1313\" class=\"elementor elementor-1313\">\n\t\t\t\t<div class=\"elementor-element elementor-element-9041208 e-flex e-con-boxed e-con e-parent\" data-id=\"9041208\" data-element_type=\"container\" data-settings=\"{&quot;background_background&quot;:&quot;classic&quot;}\">\n\t\t\t\t\t<div class=\"e-con-inner\">\n\t\t\t\t<div class=\"elementor-element elementor-element-7f27e64 elementor-widget elementor-widget-spacer\" data-id=\"7f27e64\" data-element_type=\"widget\" data-widget_type=\"spacer.default\">\n\t\t\t\t\t\t\t<div class=\"elementor-spacer\">\n\t\t\t<div class=\"elementor-spacer-inner\"><\/div>\n\t\t<\/div>\n\t\t\t\t\t\t<\/div>\n\t\t\t\t<div class=\"elementor-element elementor-element-5570857 elementor-widget elementor-widget-heading\" data-id=\"5570857\" data-element_type=\"widget\" data-widget_type=\"heading.default\">\n\t\t\t\t\t<h1 class=\"elementor-heading-title elementor-size-default\">Prawo cywilne<\/h1>\t\t\t\t<\/div>\n\t\t\t\t<div class=\"elementor-element elementor-element-4804c0c elementor-widget elementor-widget-spacer\" data-id=\"4804c0c\" data-element_type=\"widget\" data-widget_type=\"spacer.default\">\n\t\t\t\t\t\t\t<div class=\"elementor-spacer\">\n\t\t\t<div class=\"elementor-spacer-inner\"><\/div>\n\t\t<\/div>\n\t\t\t\t\t\t<\/div>\n\t\t\t\t<div class=\"elementor-element elementor-element-c5b2d2d elementor-widget elementor-widget-spacer\" data-id=\"c5b2d2d\" data-element_type=\"widget\" data-widget_type=\"spacer.default\">\n\t\t\t\t\t\t\t<div class=\"elementor-spacer\">\n\t\t\t<div class=\"elementor-spacer-inner\"><\/div>\n\t\t<\/div>\n\t\t\t\t\t\t<\/div>\n\t\t\t\t\t<\/div>\n\t\t\t\t<\/div>\n\t\t<div class=\"elementor-element elementor-element-d1140b2 e-flex e-con-boxed e-con e-parent\" data-id=\"d1140b2\" data-element_type=\"container\">\n\t\t\t\t\t<div class=\"e-con-inner\">\n\t\t\t\t<div class=\"elementor-element elementor-element-9d9e754 elementor-widget elementor-widget-spacer\" data-id=\"9d9e754\" data-element_type=\"widget\" data-widget_type=\"spacer.default\">\n\t\t\t\t\t\t\t<div class=\"elementor-spacer\">\n\t\t\t<div class=\"elementor-spacer-inner\"><\/div>\n\t\t<\/div>\n\t\t\t\t\t\t<\/div>\n\t\t\t\t\t<\/div>\n\t\t\t\t<\/div>\n\t\t<div class=\"elementor-element elementor-element-bc5407d e-flex e-con-boxed e-con e-parent\" data-id=\"bc5407d\" data-element_type=\"container\">\n\t\t\t\t\t<div class=\"e-con-inner\">\n\t\t\t\t<div class=\"elementor-element elementor-element-c7dc246 elementor-widget elementor-widget-text-editor\" data-id=\"c7dc246\" data-element_type=\"widget\" data-widget_type=\"text-editor.default\">\n\t\t\t\t\t\t\t\t\t<p data-start=\"240\" data-end=\"631\">Nazywam si\u0119 <strong data-start=\"252\" data-end=\"267\">Daria Chudy<\/strong> i jako radca prawny pomagam&nbsp;w sprawach cywilnych. Je\u015bli chcesz bezpiecznie podpisa\u0107 umow\u0119, odzyska\u0107 nale\u017cno\u015b\u0107, uporz\u0105dkowa\u0107 kwestie spadkowe albo rozwi\u0105za\u0107 problem z najmem czy nieruchomo\u015bci\u0105 \u2014 przeprowadz\u0119 Ci\u0119 przez ca\u0142y proces. Zanim zaczniemy, t\u0142umacz\u0119 prosto, jakie masz mo\u017cliwo\u015bci, jakie s\u0105 koszty i kt\u00f3re rozwi\u0105zanie da realny efekt.<\/p>\n<p data-start=\"633\" data-end=\"1026\">W umowach stawiam na jasno\u015b\u0107 i przewidywalno\u015b\u0107. Sprawdzam zapisy, usuwam ryzyka i dopisuj\u0119 zabezpieczenia, aby p\u00f3\u017aniej nie trzeba by\u0142o \u201egasi\u0107 po\u017caru\u201d. Gdy sp\u00f3r ju\u017c powsta\u0142, przygotowuj\u0119 strategi\u0119: od rozm\u00f3w ugodowych i wezwa\u0144 do zap\u0142aty, po pozew i egzekucj\u0119. Dzi\u0119ki rzeczowej argumentacji wiele spraw udaje si\u0119 zako\u0144czy\u0107 szybciej i taniej, jeszcze przed sal\u0105 s\u0105dow\u0105.<\/p>\n<p data-start=\"1028\" data-end=\"1053\">Najcz\u0119\u015bciej pomagam, gdy:<\/p>\n<ul data-start=\"1054\" data-end=\"1366\">\n<li data-start=\"1054\" data-end=\"1132\">\n<p data-start=\"1056\" data-end=\"1132\">trzeba przeanalizowa\u0107 albo przygotowa\u0107 umow\u0119 (sprzeda\u017cy, najmu, wsp\u00f3\u0142pracy),<\/p>\n<\/li>\n<li data-start=\"1133\" data-end=\"1198\">\n<p data-start=\"1135\" data-end=\"1198\">kto\u015b zalega z p\u0142atno\u015bci\u0105 i potrzebne s\u0105 skuteczne kroki prawne,<\/p>\n<\/li>\n<li data-start=\"1199\" data-end=\"1273\">\n<p data-start=\"1201\" data-end=\"1273\">pojawi\u0142y si\u0119 sprawy spadkowe: zachowek, dzia\u0142 spadku, odrzucenie spadku,<\/p>\n<\/li>\n<li data-start=\"1274\" data-end=\"1366\">\n<p data-start=\"1276\" data-end=\"1366\">w najmie lub przy nieruchomo\u015bci pojawi\u0142 si\u0119 sp\u00f3r o kaucj\u0119, wady czy bezumowne korzystanie.<\/p>\n<\/li>\n<\/ul>\n<p data-start=\"1368\" data-end=\"1707\">Pracuj\u0119 zadaniowo: najpierw szybka konsultacja i przegl\u0105d dokument\u00f3w, potem konkretna mapa dzia\u0142a\u0144. Je\u017celi ugoda ma sens \u2014 negocjuj\u0119 warunki, kt\u00f3re naprawd\u0119 Ci\u0119 zabezpiecz\u0105. Je\u017celi proces jest konieczny \u2014 dbam o dowody, terminy i komunikacj\u0119 na ka\u017cdym etapie. Szukasz wsparcia w <strong data-start=\"1647\" data-end=\"1658\">S\u0142upsku i okolicach<\/strong>? Odezwij si\u0119 \u2014 ustalimy najlepsz\u0105 drog\u0119 do celu.<\/p>\t\t\t\t\t\t\t\t<\/div>\n\t\t\t\t\t<\/div>\n\t\t\t\t<\/div>\n\t\t\t\t<section class=\"elementor-section elementor-top-section elementor-element elementor-element-7c85b31 elementor-section-boxed elementor-section-height-default elementor-section-height-default\" data-id=\"7c85b31\" data-element_type=\"section\">\n\t\t\t\t\t\t\t<div class=\"elementor-background-overlay\"><\/div>\n\t\t\t\t\t\t\t<div class=\"elementor-container elementor-column-gap-default\">\n\t\t\t\t\t<div class=\"elementor-column elementor-col-33 elementor-top-column elementor-element elementor-element-9aa3a6f elementor-hidden-phone\" data-id=\"9aa3a6f\" data-element_type=\"column\">\n\t\t\t<div class=\"elementor-widget-wrap\">\n\t\t\t\t\t\t\t<\/div>\n\t\t<\/div>\n\t\t\t\t<div class=\"elementor-column elementor-col-33 elementor-top-column elementor-element elementor-element-ead65c1\" data-id=\"ead65c1\" data-element_type=\"column\">\n\t\t\t<div class=\"elementor-widget-wrap elementor-element-populated\">\n\t\t\t\t\t\t<div class=\"elementor-element elementor-element-e9efa13 elementor-widget elementor-widget-heading\" data-id=\"e9efa13\" data-element_type=\"widget\" data-widget_type=\"heading.default\">\n\t\t\t\t\t<h6 class=\"elementor-heading-title elementor-size-default\">Masz pytanie?<\/h6>\t\t\t\t<\/div>\n\t\t\t\t<div class=\"elementor-element elementor-element-566cb2a elementor-widget elementor-widget-heading\" data-id=\"566cb2a\" data-element_type=\"widget\" data-widget_type=\"heading.default\">\n\t\t\t\t\t<h2 class=\"elementor-heading-title elementor-size-default\">Skontaktuj si\u0119 <\/h2>\t\t\t\t<\/div>\n\t\t\t\t<div class=\"elementor-element elementor-element-f9a6e48 elementor-widget elementor-widget-text-editor\" data-id=\"f9a6e48\" data-element_type=\"widget\" data-widget_type=\"text-editor.default\">\n\t\t\t\t\t\t\t\t\t<p>Odpowiadamy szybko i precyzyjnie za twoje pytania. Jeste\u015bmy dost\u0119pni 7dni w tygodniu do waszej dyspozycji.<\/p>\t\t\t\t\t\t\t\t<\/div>\n\t\t\t\t<div class=\"elementor-element elementor-element-db5244e elementor-mobile-align-justify elementor-align-center elementor-widget elementor-widget-button\" data-id=\"db5244e\" data-element_type=\"widget\" data-widget_type=\"button.default\">\n\t\t\t\t\t\t\t\t\t\t<a class=\"elementor-button elementor-button-link elementor-size-sm\" href=\"https:\/\/dckancelaria.pl\/?page_id=570\">\n\t\t\t\t\t\t<span class=\"elementor-button-content-wrapper\">\n\t\t\t\t\t\t\t\t\t<span class=\"elementor-button-text\">KONTAKT<\/span>\n\t\t\t\t\t<\/span>\n\t\t\t\t\t<\/a>\n\t\t\t\t\t\t\t\t<\/div>\n\t\t\t\t\t<\/div>\n\t\t<\/div>\n\t\t\t\t<div class=\"elementor-column elementor-col-33 elementor-top-column elementor-element elementor-element-2ccf9e1 elementor-hidden-tablet elementor-hidden-phone\" data-id=\"2ccf9e1\" data-element_type=\"column\">\n\t\t\t<div class=\"elementor-widget-wrap\">\n\t\t\t\t\t\t\t<\/div>\n\t\t<\/div>\n\t\t\t\t\t<\/div>\n\t\t<\/section>\n\t\t\t\t<\/div>\n\t\t","protected":false},"excerpt":{"rendered":"<p>Prawo cywilne Nazywam si\u0119 Daria Chudy i jako radca prawny pomagam&nbsp;w sprawach cywilnych. Je\u015bli chcesz bezpiecznie podpisa\u0107 umow\u0119, odzyska\u0107 nale\u017cno\u015b\u0107, uporz\u0105dkowa\u0107 kwestie spadkowe albo rozwi\u0105za\u0107 problem z najmem czy nieruchomo\u015bci\u0105 \u2014 przeprowadz\u0119 Ci\u0119 przez ca\u0142y proces. Zanim zaczniemy, t\u0142umacz\u0119 prosto, jakie masz mo\u017cliwo\u015bci, jakie s\u0105 koszty i kt\u00f3re rozwi\u0105zanie da realny efekt. W umowach stawiam&#8230;<\/p>\n","protected":false},"author":1,"featured_media":0,"parent":0,"menu_order":0,"comment_status":"closed","ping_status":"closed","template":"","meta":{"_kadence_starter_templates_imported_post":false,"_kad_post_transparent":"","_kad_post_title":"hide","_kad_post_layout":"fullwidth","_kad_post_sidebar_id":"","_kad_post_content_style":"unboxed","_kad_post_vertical_padding":"hide","_kad_post_feature":"hide","_kad_post_feature_position":"","_kad_post_header":false,"_kad_post_footer":false,"footnotes":""},"class_list":["post-1313","page","type-page","status-publish","hentry"],"yoast_head":"<!-- This site is optimized with the Yoast SEO plugin v25.7 - https:\/\/yoast.com\/wordpress\/plugins\/seo\/ -->\n<title>Prawo cywilne - dckancelaria.pl<\/title>\n<meta name=\"robots\" content=\"index, follow, max-snippet:-1, max-image-preview:large, max-video-preview:-1\" \/>\n<link rel=\"canonical\" href=\"https:\/\/dckancelaria.pl\/?page_id=1313\" \/>\n<meta property=\"og:locale\" content=\"en_US\" \/>\n<meta property=\"og:type\" content=\"article\" \/>\n<meta property=\"og:title\" content=\"Prawo cywilne - dckancelaria.pl\" \/>\n<meta property=\"og:description\" content=\"Prawo cywilne Nazywam si\u0119 Daria Chudy i jako radca prawny pomagam&nbsp;w sprawach cywilnych. Je\u015bli chcesz bezpiecznie podpisa\u0107 umow\u0119, odzyska\u0107 nale\u017cno\u015b\u0107, uporz\u0105dkowa\u0107 kwestie spadkowe albo rozwi\u0105za\u0107 problem z najmem czy nieruchomo\u015bci\u0105 \u2014 przeprowadz\u0119 Ci\u0119 przez ca\u0142y proces. Zanim zaczniemy, t\u0142umacz\u0119 prosto, jakie masz mo\u017cliwo\u015bci, jakie s\u0105 koszty i kt\u00f3re rozwi\u0105zanie da realny efekt. W umowach stawiam...\" \/>\n<meta property=\"og:url\" content=\"https:\/\/dckancelaria.pl\/?page_id=1313\" \/>\n<meta property=\"og:site_name\" content=\"dckancelaria.pl\" \/>\n<meta property=\"article:modified_time\" content=\"2025-08-15T14:11:03+00:00\" \/>\n<meta name=\"twitter:card\" content=\"summary_large_image\" \/>\n<meta name=\"twitter:label1\" content=\"Est. reading time\" \/>\n\t<meta name=\"twitter:data1\" content=\"2 minutes\" \/>\n<script type=\"application\/ld+json\" class=\"yoast-schema-graph\">{\"@context\":\"https:\/\/schema.org\",\"@graph\":[{\"@type\":\"WebPage\",\"@id\":\"https:\/\/dckancelaria.pl\/?page_id=1313\",\"url\":\"https:\/\/dckancelaria.pl\/?page_id=1313\",\"name\":\"Prawo cywilne - dckancelaria.pl\",\"isPartOf\":{\"@id\":\"https:\/\/dckancelaria.pl\/#website\"},\"datePublished\":\"2025-08-14T19:40:02+00:00\",\"dateModified\":\"2025-08-15T14:11:03+00:00\",\"breadcrumb\":{\"@id\":\"https:\/\/dckancelaria.pl\/?page_id=1313#breadcrumb\"},\"inLanguage\":\"en-US\",\"potentialAction\":[{\"@type\":\"ReadAction\",\"target\":[\"https:\/\/dckancelaria.pl\/?page_id=1313\"]}]},{\"@type\":\"BreadcrumbList\",\"@id\":\"https:\/\/dckancelaria.pl\/?page_id=1313#breadcrumb\",\"itemListElement\":[{\"@type\":\"ListItem\",\"position\":1,\"name\":\"Strona g\u0142\u00f3wna\",\"item\":\"https:\/\/dckancelaria.pl\/\"},{\"@type\":\"ListItem\",\"position\":2,\"name\":\"Prawo cywilne\"}]},{\"@type\":\"WebSite\",\"@id\":\"https:\/\/dckancelaria.pl\/#website\",\"url\":\"https:\/\/dckancelaria.pl\/\",\"name\":\"dckancelaria.pl\",\"description\":\"\",\"publisher\":{\"@id\":\"https:\/\/dckancelaria.pl\/#organization\"},\"potentialAction\":[{\"@type\":\"SearchAction\",\"target\":{\"@type\":\"EntryPoint\",\"urlTemplate\":\"https:\/\/dckancelaria.pl\/?s={search_term_string}\"},\"query-input\":{\"@type\":\"PropertyValueSpecification\",\"valueRequired\":true,\"valueName\":\"search_term_string\"}}],\"inLanguage\":\"en-US\"},{\"@type\":\"Organization\",\"@id\":\"https:\/\/dckancelaria.pl\/#organization\",\"name\":\"dckancelaria.pl\",\"url\":\"https:\/\/dckancelaria.pl\/\",\"logo\":{\"@type\":\"ImageObject\",\"inLanguage\":\"en-US\",\"@id\":\"https:\/\/dckancelaria.pl\/#\/schema\/logo\/image\/\",\"url\":\"https:\/\/dckancelaria.pl\/wp-content\/uploads\/2025\/08\/cropped-Czarne-Proste-Monoline-Nieruchomosci-Logo-\u2013-uslugi-1.png\",\"contentUrl\":\"https:\/\/dckancelaria.pl\/wp-content\/uploads\/2025\/08\/cropped-Czarne-Proste-Monoline-Nieruchomosci-Logo-\u2013-uslugi-1.png\",\"width\":800,\"height\":475,\"caption\":\"dckancelaria.pl\"},\"image\":{\"@id\":\"https:\/\/dckancelaria.pl\/#\/schema\/logo\/image\/\"}}]}<\/script>\n<!-- \/ Yoast SEO plugin. -->","yoast_head_json":{"title":"Prawo cywilne - dckancelaria.pl","robots":{"index":"index","follow":"follow","max-snippet":"max-snippet:-1","max-image-preview":"max-image-preview:large","max-video-preview":"max-video-preview:-1"},"canonical":"https:\/\/dckancelaria.pl\/?page_id=1313","og_locale":"en_US","og_type":"article","og_title":"Prawo cywilne - dckancelaria.pl","og_description":"Prawo cywilne Nazywam si\u0119 Daria Chudy i jako radca prawny pomagam&nbsp;w sprawach cywilnych. Je\u015bli chcesz bezpiecznie podpisa\u0107 umow\u0119, odzyska\u0107 nale\u017cno\u015b\u0107, uporz\u0105dkowa\u0107 kwestie spadkowe albo rozwi\u0105za\u0107 problem z najmem czy nieruchomo\u015bci\u0105 \u2014 przeprowadz\u0119 Ci\u0119 przez ca\u0142y proces. Zanim zaczniemy, t\u0142umacz\u0119 prosto, jakie masz mo\u017cliwo\u015bci, jakie s\u0105 koszty i kt\u00f3re rozwi\u0105zanie da realny efekt. W umowach stawiam...","og_url":"https:\/\/dckancelaria.pl\/?page_id=1313","og_site_name":"dckancelaria.pl","article_modified_time":"2025-08-15T14:11:03+00:00","twitter_card":"summary_large_image","twitter_misc":{"Est. reading time":"2 minutes"},"schema":{"@context":"https:\/\/schema.org","@graph":[{"@type":"WebPage","@id":"https:\/\/dckancelaria.pl\/?page_id=1313","url":"https:\/\/dckancelaria.pl\/?page_id=1313","name":"Prawo cywilne - dckancelaria.pl","isPartOf":{"@id":"https:\/\/dckancelaria.pl\/#website"},"datePublished":"2025-08-14T19:40:02+00:00","dateModified":"2025-08-15T14:11:03+00:00","breadcrumb":{"@id":"https:\/\/dckancelaria.pl\/?page_id=1313#breadcrumb"},"inLanguage":"en-US","potentialAction":[{"@type":"ReadAction","target":["https:\/\/dckancelaria.pl\/?page_id=1313"]}]},{"@type":"BreadcrumbList","@id":"https:\/\/dckancelaria.pl\/?page_id=1313#breadcrumb","itemListElement":[{"@type":"ListItem","position":1,"name":"Strona g\u0142\u00f3wna","item":"https:\/\/dckancelaria.pl\/"},{"@type":"ListItem","position":2,"name":"Prawo cywilne"}]},{"@type":"WebSite","@id":"https:\/\/dckancelaria.pl\/#website","url":"https:\/\/dckancelaria.pl\/","name":"dckancelaria.pl","description":"","publisher":{"@id":"https:\/\/dckancelaria.pl\/#organization"},"potentialAction":[{"@type":"SearchAction","target":{"@type":"EntryPoint","urlTemplate":"https:\/\/dckancelaria.pl\/?s={search_term_string}"},"query-input":{"@type":"PropertyValueSpecification","valueRequired":true,"valueName":"search_term_string"}}],"inLanguage":"en-US"},{"@type":"Organization","@id":"https:\/\/dckancelaria.pl\/#organization","name":"dckancelaria.pl","url":"https:\/\/dckancelaria.pl\/","logo":{"@type":"ImageObject","inLanguage":"en-US","@id":"https:\/\/dckancelaria.pl\/#\/schema\/logo\/image\/","url":"https:\/\/dckancelaria.pl\/wp-content\/uploads\/2025\/08\/cropped-Czarne-Proste-Monoline-Nieruchomosci-Logo-\u2013-uslugi-1.png","contentUrl":"https:\/\/dckancelaria.pl\/wp-content\/uploads\/2025\/08\/cropped-Czarne-Proste-Monoline-Nieruchomosci-Logo-\u2013-uslugi-1.png","width":800,"height":475,"caption":"dckancelaria.pl"},"image":{"@id":"https:\/\/dckancelaria.pl\/#\/schema\/logo\/image\/"}}]}},"_links":{"self":[{"href":"https:\/\/dckancelaria.pl\/index.php?rest_route=\/wp\/v2\/pages\/1313","targetHints":{"allow":["GET"]}}],"collection":[{"href":"https:\/\/dckancelaria.pl\/index.php?rest_route=\/wp\/v2\/pages"}],"about":[{"href":"https:\/\/dckancelaria.pl\/index.php?rest_route=\/wp\/v2\/types\/page"}],"author":[{"embeddable":true,"href":"https:\/\/dckancelaria.pl\/index.php?rest_route=\/wp\/v2\/users\/1"}],"replies":[{"embeddable":true,"href":"https:\/\/dckancelaria.pl\/index.php?rest_route=%2Fwp%2Fv2%2Fcomments&post=1313"}],"version-history":[{"count":10,"href":"https:\/\/dckancelaria.pl\/index.php?rest_route=\/wp\/v2\/pages\/1313\/revisions"}],"predecessor-version":[{"id":1466,"href":"https:\/\/dckancelaria.pl\/index.php?rest_route=\/wp\/v2\/pages\/1313\/revisions\/1466"}],"wp:attachment":[{"href":"https:\/\/dckancelaria.pl\/index.php?rest_route=%2Fwp%2Fv2%2Fmedia&parent=1313"}],"curies":[{"name":"wp","href":"https:\/\/api.w.org\/{rel}","templated":true}]}}