{"id":1322,"date":"2025-08-14T21:42:04","date_gmt":"2025-08-14T19:42:04","guid":{"rendered":"https:\/\/dckancelaria.pl\/?page_id=1322"},"modified":"2025-08-15T16:12:19","modified_gmt":"2025-08-15T14:12:19","slug":"prawo-administracyjne","status":"publish","type":"page","link":"https:\/\/dckancelaria.pl\/?page_id=1322","title":{"rendered":"Prawo administracyjne"},"content":{"rendered":"\t\t<div data-elementor-type=\"wp-page\" data-elementor-id=\"1322\" class=\"elementor elementor-1322\">\n\t\t\t\t<div class=\"elementor-element elementor-element-7463abc e-flex e-con-boxed e-con e-parent\" data-id=\"7463abc\" data-element_type=\"container\" data-settings=\"{&quot;background_background&quot;:&quot;classic&quot;}\">\n\t\t\t\t\t<div class=\"e-con-inner\">\n\t\t\t\t<div class=\"elementor-element elementor-element-066f53f elementor-widget elementor-widget-spacer\" data-id=\"066f53f\" data-element_type=\"widget\" data-widget_type=\"spacer.default\">\n\t\t\t\t\t\t\t<div class=\"elementor-spacer\">\n\t\t\t<div class=\"elementor-spacer-inner\"><\/div>\n\t\t<\/div>\n\t\t\t\t\t\t<\/div>\n\t\t\t\t<div class=\"elementor-element elementor-element-e61bc52 elementor-widget elementor-widget-heading\" data-id=\"e61bc52\" data-element_type=\"widget\" data-widget_type=\"heading.default\">\n\t\t\t\t\t<h1 class=\"elementor-heading-title elementor-size-default\">Prawo administracyjne<\/h1>\t\t\t\t<\/div>\n\t\t\t\t<div class=\"elementor-element elementor-element-2a1eeb9 elementor-widget elementor-widget-spacer\" data-id=\"2a1eeb9\" data-element_type=\"widget\" data-widget_type=\"spacer.default\">\n\t\t\t\t\t\t\t<div class=\"elementor-spacer\">\n\t\t\t<div class=\"elementor-spacer-inner\"><\/div>\n\t\t<\/div>\n\t\t\t\t\t\t<\/div>\n\t\t\t\t<div class=\"elementor-element elementor-element-35d6ca0 elementor-widget elementor-widget-spacer\" data-id=\"35d6ca0\" data-element_type=\"widget\" data-widget_type=\"spacer.default\">\n\t\t\t\t\t\t\t<div class=\"elementor-spacer\">\n\t\t\t<div class=\"elementor-spacer-inner\"><\/div>\n\t\t<\/div>\n\t\t\t\t\t\t<\/div>\n\t\t\t\t\t<\/div>\n\t\t\t\t<\/div>\n\t\t<div class=\"elementor-element elementor-element-9c8a03d e-flex e-con-boxed e-con e-parent\" data-id=\"9c8a03d\" data-element_type=\"container\">\n\t\t\t\t\t<div class=\"e-con-inner\">\n\t\t\t\t<div class=\"elementor-element elementor-element-7ddcc02 elementor-widget elementor-widget-spacer\" data-id=\"7ddcc02\" data-element_type=\"widget\" data-widget_type=\"spacer.default\">\n\t\t\t\t\t\t\t<div class=\"elementor-spacer\">\n\t\t\t<div class=\"elementor-spacer-inner\"><\/div>\n\t\t<\/div>\n\t\t\t\t\t\t<\/div>\n\t\t\t\t\t<\/div>\n\t\t\t\t<\/div>\n\t\t<div class=\"elementor-element elementor-element-9771cfb e-flex e-con-boxed e-con e-parent\" data-id=\"9771cfb\" data-element_type=\"container\">\n\t\t\t\t\t<div class=\"e-con-inner\">\n\t\t\t\t<div class=\"elementor-element elementor-element-1b846fb elementor-widget elementor-widget-text-editor\" data-id=\"1b846fb\" data-element_type=\"widget\" data-widget_type=\"text-editor.default\">\n\t\t\t\t\t\t\t\t\t<p data-start=\"1748\" data-end=\"2068\">Post\u0119powania administracyjne bywaj\u0105 wymagaj\u0105ce: kr\u00f3tkie terminy, formalny j\u0119zyk, wiele drobnych wymog\u00f3w. Prowadz\u0119 sprawy mieszka\u0144c\u00f3w i przedsi\u0119biorc\u00f3w tak, aby przej\u015b\u0107 przez procedury spokojnie i skutecznie \u2014 od pierwszego wniosku, przez odwo\u0142anie, a\u017c po skarg\u0119 do s\u0105du administracyjnego, je\u015bli to potrzebne.<\/p>\n<p data-start=\"2070\" data-end=\"2417\">Na pocz\u0105tku porz\u0105dkuj\u0119 sytuacj\u0119: analizuj\u0119 decyzj\u0119 lub wezwanie, sprawdzam, czy urz\u0105d prawid\u0142owo prowadzi\u0142 post\u0119powanie i czy nie przekroczono termin\u00f3w. Proponuj\u0119 jasny plan \u2014 co sk\u0142adamy, na czym opieramy argumenty i jakie dokumenty warto do\u0142\u0105czy\u0107. Cz\u0119sto dobrze przygotowane pismo potrafi odwr\u00f3ci\u0107 losy sprawy ju\u017c na etapie urz\u0119du.<\/p>\n<p data-start=\"2419\" data-end=\"2440\">Najcz\u0119\u015bciej prowadz\u0119:<\/p>\n<ul data-start=\"2441\" data-end=\"2746\">\n<li data-start=\"2441\" data-end=\"2520\">\n<p data-start=\"2443\" data-end=\"2520\">decyzje budowlane i planistyczne (warunki zabudowy, pozwolenia, u\u017cytkowanie),<\/p>\n<\/li>\n<li data-start=\"2521\" data-end=\"2590\">\n<p data-start=\"2523\" data-end=\"2590\">odwo\u0142ania od niekorzystnych rozstrzygni\u0119\u0107 i odpowiedzi na wezwania,<\/p>\n<\/li>\n<li data-start=\"2591\" data-end=\"2666\">\n<p data-start=\"2593\" data-end=\"2666\">sprawy przedsi\u0119biorc\u00f3w: licencje, zezwolenia, decyzje pokontrolne i kary,<\/p>\n<\/li>\n<li data-start=\"2667\" data-end=\"2746\">\n<p data-start=\"2669\" data-end=\"2746\">sprawy \u201e\u017cyciowe\u201d: meldunkowe, ewidencyjne, \u015bwiadczenia, dost\u0119p do informacji.<\/p>\n<\/li>\n<\/ul>\n<p data-start=\"2748\" data-end=\"3117\" data-is-last-node=\"\" data-is-only-node=\"\">Moim celem jest szybkie i bezpieczne domkni\u0119cie tematu. Pilnuj\u0119 termin\u00f3w, dbam o rzetelno\u015b\u0107 dowod\u00f3w i prowadz\u0119 korespondencj\u0119 w Twoim imieniu. Je\u015bli skarga do s\u0105du administracyjnego ma sens \u2014 przygotowuj\u0119 j\u0105 tak, by skupi\u0107 si\u0119 na tym, co decyduje o wyniku. Dzia\u0142asz&nbsp;i potrzebujesz wsparcia?<\/p>\t\t\t\t\t\t\t\t<\/div>\n\t\t\t\t\t<\/div>\n\t\t\t\t<\/div>\n\t\t\t\t<section class=\"elementor-section elementor-top-section elementor-element elementor-element-d44c59b elementor-section-boxed elementor-section-height-default elementor-section-height-default\" data-id=\"d44c59b\" data-element_type=\"section\">\n\t\t\t\t\t\t\t<div class=\"elementor-background-overlay\"><\/div>\n\t\t\t\t\t\t\t<div class=\"elementor-container elementor-column-gap-default\">\n\t\t\t\t\t<div class=\"elementor-column elementor-col-33 elementor-top-column elementor-element elementor-element-f0ed33b elementor-hidden-phone\" data-id=\"f0ed33b\" data-element_type=\"column\">\n\t\t\t<div class=\"elementor-widget-wrap\">\n\t\t\t\t\t\t\t<\/div>\n\t\t<\/div>\n\t\t\t\t<div class=\"elementor-column elementor-col-33 elementor-top-column elementor-element elementor-element-647b4a8\" data-id=\"647b4a8\" data-element_type=\"column\">\n\t\t\t<div class=\"elementor-widget-wrap elementor-element-populated\">\n\t\t\t\t\t\t<div class=\"elementor-element elementor-element-afe3bc7 elementor-widget elementor-widget-heading\" data-id=\"afe3bc7\" data-element_type=\"widget\" data-widget_type=\"heading.default\">\n\t\t\t\t\t<h6 class=\"elementor-heading-title elementor-size-default\">Masz pytanie?<\/h6>\t\t\t\t<\/div>\n\t\t\t\t<div class=\"elementor-element elementor-element-61c21d5 elementor-widget elementor-widget-heading\" data-id=\"61c21d5\" data-element_type=\"widget\" data-widget_type=\"heading.default\">\n\t\t\t\t\t<h2 class=\"elementor-heading-title elementor-size-default\">Skontaktuj si\u0119 <\/h2>\t\t\t\t<\/div>\n\t\t\t\t<div class=\"elementor-element elementor-element-fd9c4e6 elementor-widget elementor-widget-text-editor\" data-id=\"fd9c4e6\" data-element_type=\"widget\" data-widget_type=\"text-editor.default\">\n\t\t\t\t\t\t\t\t\t<p>Odpowiadamy szybko i precyzyjnie za twoje pytania. Jeste\u015bmy dost\u0119pni 7dni w tygodniu do waszej dyspozycji.<\/p>\t\t\t\t\t\t\t\t<\/div>\n\t\t\t\t<div class=\"elementor-element elementor-element-9bfd5a0 elementor-mobile-align-justify elementor-align-center elementor-widget elementor-widget-button\" data-id=\"9bfd5a0\" data-element_type=\"widget\" data-widget_type=\"button.default\">\n\t\t\t\t\t\t\t\t\t\t<a class=\"elementor-button elementor-button-link elementor-size-sm\" href=\"https:\/\/dckancelaria.pl\/?page_id=570\">\n\t\t\t\t\t\t<span class=\"elementor-button-content-wrapper\">\n\t\t\t\t\t\t\t\t\t<span class=\"elementor-button-text\">KONTAKT<\/span>\n\t\t\t\t\t<\/span>\n\t\t\t\t\t<\/a>\n\t\t\t\t\t\t\t\t<\/div>\n\t\t\t\t\t<\/div>\n\t\t<\/div>\n\t\t\t\t<div class=\"elementor-column elementor-col-33 elementor-top-column elementor-element elementor-element-0338dcc elementor-hidden-tablet elementor-hidden-phone\" data-id=\"0338dcc\" data-element_type=\"column\">\n\t\t\t<div class=\"elementor-widget-wrap\">\n\t\t\t\t\t\t\t<\/div>\n\t\t<\/div>\n\t\t\t\t\t<\/div>\n\t\t<\/section>\n\t\t\t\t<\/div>\n\t\t","protected":false},"excerpt":{"rendered":"<p>Prawo administracyjne Post\u0119powania administracyjne bywaj\u0105 wymagaj\u0105ce: kr\u00f3tkie terminy, formalny j\u0119zyk, wiele drobnych wymog\u00f3w. Prowadz\u0119 sprawy mieszka\u0144c\u00f3w i przedsi\u0119biorc\u00f3w tak, aby przej\u015b\u0107 przez procedury spokojnie i skutecznie \u2014 od pierwszego wniosku, przez odwo\u0142anie, a\u017c po skarg\u0119 do s\u0105du administracyjnego, je\u015bli to potrzebne. Na pocz\u0105tku porz\u0105dkuj\u0119 sytuacj\u0119: analizuj\u0119 decyzj\u0119 lub wezwanie, sprawdzam, czy urz\u0105d prawid\u0142owo prowadzi\u0142 post\u0119powanie&#8230;<\/p>\n","protected":false},"author":1,"featured_media":0,"parent":0,"menu_order":0,"comment_status":"closed","ping_status":"closed","template":"","meta":{"_kadence_starter_templates_imported_post":false,"_kad_post_transparent":"","_kad_post_title":"hide","_kad_post_layout":"fullwidth","_kad_post_sidebar_id":"","_kad_post_content_style":"unboxed","_kad_post_vertical_padding":"hide","_kad_post_feature":"hide","_kad_post_feature_position":"","_kad_post_header":false,"_kad_post_footer":false,"footnotes":""},"class_list":["post-1322","page","type-page","status-publish","hentry"],"yoast_head":"<!-- This site is optimized with the Yoast SEO plugin v25.7 - https:\/\/yoast.com\/wordpress\/plugins\/seo\/ -->\n<title>Prawo administracyjne - dckancelaria.pl<\/title>\n<meta name=\"robots\" content=\"index, follow, max-snippet:-1, max-image-preview:large, max-video-preview:-1\" \/>\n<link rel=\"canonical\" href=\"https:\/\/dckancelaria.pl\/?page_id=1322\" \/>\n<meta property=\"og:locale\" content=\"en_US\" \/>\n<meta property=\"og:type\" content=\"article\" \/>\n<meta property=\"og:title\" content=\"Prawo administracyjne - dckancelaria.pl\" \/>\n<meta property=\"og:description\" content=\"Prawo administracyjne Post\u0119powania administracyjne bywaj\u0105 wymagaj\u0105ce: kr\u00f3tkie terminy, formalny j\u0119zyk, wiele drobnych wymog\u00f3w. Prowadz\u0119 sprawy mieszka\u0144c\u00f3w i przedsi\u0119biorc\u00f3w tak, aby przej\u015b\u0107 przez procedury spokojnie i skutecznie \u2014 od pierwszego wniosku, przez odwo\u0142anie, a\u017c po skarg\u0119 do s\u0105du administracyjnego, je\u015bli to potrzebne. Na pocz\u0105tku porz\u0105dkuj\u0119 sytuacj\u0119: analizuj\u0119 decyzj\u0119 lub wezwanie, sprawdzam, czy urz\u0105d prawid\u0142owo prowadzi\u0142 post\u0119powanie...\" \/>\n<meta property=\"og:url\" content=\"https:\/\/dckancelaria.pl\/?page_id=1322\" \/>\n<meta property=\"og:site_name\" content=\"dckancelaria.pl\" \/>\n<meta property=\"article:modified_time\" content=\"2025-08-15T14:12:19+00:00\" \/>\n<meta name=\"twitter:card\" content=\"summary_large_image\" \/>\n<meta name=\"twitter:label1\" content=\"Est. reading time\" \/>\n\t<meta name=\"twitter:data1\" content=\"2 minutes\" \/>\n<script type=\"application\/ld+json\" class=\"yoast-schema-graph\">{\"@context\":\"https:\/\/schema.org\",\"@graph\":[{\"@type\":\"WebPage\",\"@id\":\"https:\/\/dckancelaria.pl\/?page_id=1322\",\"url\":\"https:\/\/dckancelaria.pl\/?page_id=1322\",\"name\":\"Prawo administracyjne - dckancelaria.pl\",\"isPartOf\":{\"@id\":\"https:\/\/dckancelaria.pl\/#website\"},\"datePublished\":\"2025-08-14T19:42:04+00:00\",\"dateModified\":\"2025-08-15T14:12:19+00:00\",\"breadcrumb\":{\"@id\":\"https:\/\/dckancelaria.pl\/?page_id=1322#breadcrumb\"},\"inLanguage\":\"en-US\",\"potentialAction\":[{\"@type\":\"ReadAction\",\"target\":[\"https:\/\/dckancelaria.pl\/?page_id=1322\"]}]},{\"@type\":\"BreadcrumbList\",\"@id\":\"https:\/\/dckancelaria.pl\/?page_id=1322#breadcrumb\",\"itemListElement\":[{\"@type\":\"ListItem\",\"position\":1,\"name\":\"Strona g\u0142\u00f3wna\",\"item\":\"https:\/\/dckancelaria.pl\/\"},{\"@type\":\"ListItem\",\"position\":2,\"name\":\"Prawo administracyjne\"}]},{\"@type\":\"WebSite\",\"@id\":\"https:\/\/dckancelaria.pl\/#website\",\"url\":\"https:\/\/dckancelaria.pl\/\",\"name\":\"dckancelaria.pl\",\"description\":\"\",\"publisher\":{\"@id\":\"https:\/\/dckancelaria.pl\/#organization\"},\"potentialAction\":[{\"@type\":\"SearchAction\",\"target\":{\"@type\":\"EntryPoint\",\"urlTemplate\":\"https:\/\/dckancelaria.pl\/?s={search_term_string}\"},\"query-input\":{\"@type\":\"PropertyValueSpecification\",\"valueRequired\":true,\"valueName\":\"search_term_string\"}}],\"inLanguage\":\"en-US\"},{\"@type\":\"Organization\",\"@id\":\"https:\/\/dckancelaria.pl\/#organization\",\"name\":\"dckancelaria.pl\",\"url\":\"https:\/\/dckancelaria.pl\/\",\"logo\":{\"@type\":\"ImageObject\",\"inLanguage\":\"en-US\",\"@id\":\"https:\/\/dckancelaria.pl\/#\/schema\/logo\/image\/\",\"url\":\"https:\/\/dckancelaria.pl\/wp-content\/uploads\/2025\/08\/cropped-Czarne-Proste-Monoline-Nieruchomosci-Logo-\u2013-uslugi-1.png\",\"contentUrl\":\"https:\/\/dckancelaria.pl\/wp-content\/uploads\/2025\/08\/cropped-Czarne-Proste-Monoline-Nieruchomosci-Logo-\u2013-uslugi-1.png\",\"width\":800,\"height\":475,\"caption\":\"dckancelaria.pl\"},\"image\":{\"@id\":\"https:\/\/dckancelaria.pl\/#\/schema\/logo\/image\/\"}}]}<\/script>\n<!-- \/ Yoast SEO plugin. -->","yoast_head_json":{"title":"Prawo administracyjne - dckancelaria.pl","robots":{"index":"index","follow":"follow","max-snippet":"max-snippet:-1","max-image-preview":"max-image-preview:large","max-video-preview":"max-video-preview:-1"},"canonical":"https:\/\/dckancelaria.pl\/?page_id=1322","og_locale":"en_US","og_type":"article","og_title":"Prawo administracyjne - dckancelaria.pl","og_description":"Prawo administracyjne Post\u0119powania administracyjne bywaj\u0105 wymagaj\u0105ce: kr\u00f3tkie terminy, formalny j\u0119zyk, wiele drobnych wymog\u00f3w. Prowadz\u0119 sprawy mieszka\u0144c\u00f3w i przedsi\u0119biorc\u00f3w tak, aby przej\u015b\u0107 przez procedury spokojnie i skutecznie \u2014 od pierwszego wniosku, przez odwo\u0142anie, a\u017c po skarg\u0119 do s\u0105du administracyjnego, je\u015bli to potrzebne. Na pocz\u0105tku porz\u0105dkuj\u0119 sytuacj\u0119: analizuj\u0119 decyzj\u0119 lub wezwanie, sprawdzam, czy urz\u0105d prawid\u0142owo prowadzi\u0142 post\u0119powanie...","og_url":"https:\/\/dckancelaria.pl\/?page_id=1322","og_site_name":"dckancelaria.pl","article_modified_time":"2025-08-15T14:12:19+00:00","twitter_card":"summary_large_image","twitter_misc":{"Est. reading time":"2 minutes"},"schema":{"@context":"https:\/\/schema.org","@graph":[{"@type":"WebPage","@id":"https:\/\/dckancelaria.pl\/?page_id=1322","url":"https:\/\/dckancelaria.pl\/?page_id=1322","name":"Prawo administracyjne - dckancelaria.pl","isPartOf":{"@id":"https:\/\/dckancelaria.pl\/#website"},"datePublished":"2025-08-14T19:42:04+00:00","dateModified":"2025-08-15T14:12:19+00:00","breadcrumb":{"@id":"https:\/\/dckancelaria.pl\/?page_id=1322#breadcrumb"},"inLanguage":"en-US","potentialAction":[{"@type":"ReadAction","target":["https:\/\/dckancelaria.pl\/?page_id=1322"]}]},{"@type":"BreadcrumbList","@id":"https:\/\/dckancelaria.pl\/?page_id=1322#breadcrumb","itemListElement":[{"@type":"ListItem","position":1,"name":"Strona g\u0142\u00f3wna","item":"https:\/\/dckancelaria.pl\/"},{"@type":"ListItem","position":2,"name":"Prawo administracyjne"}]},{"@type":"WebSite","@id":"https:\/\/dckancelaria.pl\/#website","url":"https:\/\/dckancelaria.pl\/","name":"dckancelaria.pl","description":"","publisher":{"@id":"https:\/\/dckancelaria.pl\/#organization"},"potentialAction":[{"@type":"SearchAction","target":{"@type":"EntryPoint","urlTemplate":"https:\/\/dckancelaria.pl\/?s={search_term_string}"},"query-input":{"@type":"PropertyValueSpecification","valueRequired":true,"valueName":"search_term_string"}}],"inLanguage":"en-US"},{"@type":"Organization","@id":"https:\/\/dckancelaria.pl\/#organization","name":"dckancelaria.pl","url":"https:\/\/dckancelaria.pl\/","logo":{"@type":"ImageObject","inLanguage":"en-US","@id":"https:\/\/dckancelaria.pl\/#\/schema\/logo\/image\/","url":"https:\/\/dckancelaria.pl\/wp-content\/uploads\/2025\/08\/cropped-Czarne-Proste-Monoline-Nieruchomosci-Logo-\u2013-uslugi-1.png","contentUrl":"https:\/\/dckancelaria.pl\/wp-content\/uploads\/2025\/08\/cropped-Czarne-Proste-Monoline-Nieruchomosci-Logo-\u2013-uslugi-1.png","width":800,"height":475,"caption":"dckancelaria.pl"},"image":{"@id":"https:\/\/dckancelaria.pl\/#\/schema\/logo\/image\/"}}]}},"_links":{"self":[{"href":"https:\/\/dckancelaria.pl\/index.php?rest_route=\/wp\/v2\/pages\/1322","targetHints":{"allow":["GET"]}}],"collection":[{"href":"https:\/\/dckancelaria.pl\/index.php?rest_route=\/wp\/v2\/pages"}],"about":[{"href":"https:\/\/dckancelaria.pl\/index.php?rest_route=\/wp\/v2\/types\/page"}],"author":[{"embeddable":true,"href":"https:\/\/dckancelaria.pl\/index.php?rest_route=\/wp\/v2\/users\/1"}],"replies":[{"embeddable":true,"href":"https:\/\/dckancelaria.pl\/index.php?rest_route=%2Fwp%2Fv2%2Fcomments&post=1322"}],"version-history":[{"count":13,"href":"https:\/\/dckancelaria.pl\/index.php?rest_route=\/wp\/v2\/pages\/1322\/revisions"}],"predecessor-version":[{"id":1469,"href":"https:\/\/dckancelaria.pl\/index.php?rest_route=\/wp\/v2\/pages\/1322\/revisions\/1469"}],"wp:attachment":[{"href":"https:\/\/dckancelaria.pl\/index.php?rest_route=%2Fwp%2Fv2%2Fmedia&parent=1322"}],"curies":[{"name":"wp","href":"https:\/\/api.w.org\/{rel}","templated":true}]}}