{"id":1348,"date":"2025-08-14T21:48:48","date_gmt":"2025-08-14T19:48:48","guid":{"rendered":"https:\/\/dckancelaria.pl\/?page_id=1348"},"modified":"2025-08-15T00:10:30","modified_gmt":"2025-08-14T22:10:30","slug":"prawo-spadkowe","status":"publish","type":"page","link":"https:\/\/dckancelaria.pl\/?page_id=1348","title":{"rendered":"Prawo spadkowe"},"content":{"rendered":"\t\t<div data-elementor-type=\"wp-page\" data-elementor-id=\"1348\" class=\"elementor elementor-1348\">\n\t\t\t\t<div class=\"elementor-element elementor-element-bd16929 e-flex e-con-boxed e-con e-parent\" data-id=\"bd16929\" data-element_type=\"container\" data-settings=\"{&quot;background_background&quot;:&quot;classic&quot;}\">\n\t\t\t\t\t<div class=\"e-con-inner\">\n\t\t\t\t<div class=\"elementor-element elementor-element-f62c68c elementor-widget elementor-widget-spacer\" data-id=\"f62c68c\" data-element_type=\"widget\" data-widget_type=\"spacer.default\">\n\t\t\t\t\t\t\t<div class=\"elementor-spacer\">\n\t\t\t<div class=\"elementor-spacer-inner\"><\/div>\n\t\t<\/div>\n\t\t\t\t\t\t<\/div>\n\t\t\t\t<div class=\"elementor-element elementor-element-75a64c7 elementor-widget elementor-widget-heading\" data-id=\"75a64c7\" data-element_type=\"widget\" data-widget_type=\"heading.default\">\n\t\t\t\t\t<h1 class=\"elementor-heading-title elementor-size-default\">Prawo spadkowe<\/h1>\t\t\t\t<\/div>\n\t\t\t\t<div class=\"elementor-element elementor-element-7755f7e elementor-widget elementor-widget-spacer\" data-id=\"7755f7e\" data-element_type=\"widget\" data-widget_type=\"spacer.default\">\n\t\t\t\t\t\t\t<div class=\"elementor-spacer\">\n\t\t\t<div class=\"elementor-spacer-inner\"><\/div>\n\t\t<\/div>\n\t\t\t\t\t\t<\/div>\n\t\t\t\t<div class=\"elementor-element elementor-element-90bdb92 elementor-widget elementor-widget-spacer\" data-id=\"90bdb92\" data-element_type=\"widget\" data-widget_type=\"spacer.default\">\n\t\t\t\t\t\t\t<div class=\"elementor-spacer\">\n\t\t\t<div class=\"elementor-spacer-inner\"><\/div>\n\t\t<\/div>\n\t\t\t\t\t\t<\/div>\n\t\t\t\t\t<\/div>\n\t\t\t\t<\/div>\n\t\t<div class=\"elementor-element elementor-element-de8f4c0 e-flex e-con-boxed e-con e-parent\" data-id=\"de8f4c0\" data-element_type=\"container\">\n\t\t\t\t\t<div class=\"e-con-inner\">\n\t\t\t\t<div class=\"elementor-element elementor-element-3eaebd6 elementor-widget elementor-widget-spacer\" data-id=\"3eaebd6\" data-element_type=\"widget\" data-widget_type=\"spacer.default\">\n\t\t\t\t\t\t\t<div class=\"elementor-spacer\">\n\t\t\t<div class=\"elementor-spacer-inner\"><\/div>\n\t\t<\/div>\n\t\t\t\t\t\t<\/div>\n\t\t\t\t\t<\/div>\n\t\t\t\t<\/div>\n\t\t<div class=\"elementor-element elementor-element-2d909fe e-flex e-con-boxed e-con e-parent\" data-id=\"2d909fe\" data-element_type=\"container\">\n\t\t\t\t\t<div class=\"e-con-inner\">\n\t\t\t\t<div class=\"elementor-element elementor-element-318b319 elementor-widget elementor-widget-text-editor\" data-id=\"318b319\" data-element_type=\"widget\" data-widget_type=\"text-editor.default\">\n\t\t\t\t\t\t\t\t\t<p data-start=\"2504\" data-end=\"2857\">Sprawy spadkowe \u0142\u0105cz\u0105 emocje z formalno\u015bciami. Moj\u0105 rol\u0105 jest zdj\u0105\u0107 z Ciebie ci\u0119\u017car procedur i zaplanowa\u0107 dzia\u0142ania tak, by sprawnie i uczciwie uregulowa\u0107 sytuacj\u0119 w <strong data-start=\"2670\" data-end=\"2681\">S\u0142upsku<\/strong> lub okolicach. Zaczynamy od uporz\u0105dkowania dokument\u00f3w i odpowiedzi na podstawowe pytania: kto dziedziczy, w jakich cz\u0119\u015bciach i jakie s\u0105 realne mo\u017cliwo\u015bci polubownego podzia\u0142u.<\/p><p data-start=\"2859\" data-end=\"3203\">Wyja\u015bniam r\u00f3\u017cnice mi\u0119dzy przyj\u0119ciem spadku wprost a z dobrodziejstwem inwentarza, pomagam przygotowa\u0107 o\u015bwiadczenia, wnioski do s\u0105du oraz inwentarz. Je\u017celi pojawia si\u0119 sp\u00f3r o zachowek albo sk\u0142ad maj\u0105tku, tworz\u0119 strategi\u0119 dowodow\u0105 i prowadz\u0119 negocjacje. Cz\u0119sto udaje si\u0119 zako\u0144czy\u0107 spraw\u0119 ugod\u0105 \u2014 je\u015bli nie, konsekwentnie reprezentuj\u0119 przed s\u0105dem.<\/p><p data-start=\"3205\" data-end=\"3230\">Najcz\u0119\u015bciej pomagam, gdy:<\/p><ul data-start=\"3231\" data-end=\"3483\"><li data-start=\"3231\" data-end=\"3297\"><p data-start=\"3233\" data-end=\"3297\">trzeba przeprowadzi\u0107 stwierdzenie nabycia spadku i dzia\u0142 spadku,<\/p><\/li><li data-start=\"3298\" data-end=\"3356\"><p data-start=\"3300\" data-end=\"3356\">wchodzi w gr\u0119 roszczenie o zachowek albo zap\u0142ata sp\u0142aty,<\/p><\/li><li data-start=\"3357\" data-end=\"3413\"><p data-start=\"3359\" data-end=\"3413\">strony nie zgadzaj\u0105 si\u0119 co do sk\u0142adu maj\u0105tku i wyceny,<\/p><\/li><li data-start=\"3414\" data-end=\"3483\"><p data-start=\"3416\" data-end=\"3483\">potrzebne jest bezpieczne porozumienie zamiast wieloletniego sporu.<\/p><\/li><\/ul><p data-start=\"3485\" data-end=\"3628\" data-is-last-node=\"\" data-is-only-node=\"\">Daj mi zna\u0107, na jakim etapie jeste\u015b. Zaproponuj\u0119 najkr\u00f3tsz\u0105 \u015bcie\u017ck\u0119 do uregulowania spraw \u2014 z poszanowaniem relacji rodzinnych i Twojego czasu.<\/p>\t\t\t\t\t\t\t\t<\/div>\n\t\t\t\t\t<\/div>\n\t\t\t\t<\/div>\n\t\t\t\t<section class=\"elementor-section elementor-top-section elementor-element elementor-element-93b723d elementor-section-boxed elementor-section-height-default elementor-section-height-default\" data-id=\"93b723d\" data-element_type=\"section\">\n\t\t\t\t\t\t\t<div class=\"elementor-background-overlay\"><\/div>\n\t\t\t\t\t\t\t<div class=\"elementor-container elementor-column-gap-default\">\n\t\t\t\t\t<div class=\"elementor-column elementor-col-33 elementor-top-column elementor-element elementor-element-e72ebbe elementor-hidden-phone\" data-id=\"e72ebbe\" data-element_type=\"column\">\n\t\t\t<div class=\"elementor-widget-wrap\">\n\t\t\t\t\t\t\t<\/div>\n\t\t<\/div>\n\t\t\t\t<div class=\"elementor-column elementor-col-33 elementor-top-column elementor-element elementor-element-2c53d8b\" data-id=\"2c53d8b\" data-element_type=\"column\">\n\t\t\t<div class=\"elementor-widget-wrap elementor-element-populated\">\n\t\t\t\t\t\t<div class=\"elementor-element elementor-element-92f8c0b elementor-widget elementor-widget-heading\" data-id=\"92f8c0b\" data-element_type=\"widget\" data-widget_type=\"heading.default\">\n\t\t\t\t\t<h6 class=\"elementor-heading-title elementor-size-default\">Masz pytanie?<\/h6>\t\t\t\t<\/div>\n\t\t\t\t<div class=\"elementor-element elementor-element-2bb0ff2 elementor-widget elementor-widget-heading\" data-id=\"2bb0ff2\" data-element_type=\"widget\" data-widget_type=\"heading.default\">\n\t\t\t\t\t<h2 class=\"elementor-heading-title elementor-size-default\">Skontaktuj si\u0119 <\/h2>\t\t\t\t<\/div>\n\t\t\t\t<div class=\"elementor-element elementor-element-29a98f2 elementor-widget elementor-widget-text-editor\" data-id=\"29a98f2\" data-element_type=\"widget\" data-widget_type=\"text-editor.default\">\n\t\t\t\t\t\t\t\t\t<p>Odpowiadamy szybko i precyzyjnie za twoje pytania. Jeste\u015bmy dost\u0119pni 7dni w tygodniu do waszej dyspozycji.<\/p>\t\t\t\t\t\t\t\t<\/div>\n\t\t\t\t<div class=\"elementor-element elementor-element-f59457e elementor-mobile-align-justify elementor-align-center elementor-widget elementor-widget-button\" data-id=\"f59457e\" data-element_type=\"widget\" data-widget_type=\"button.default\">\n\t\t\t\t\t\t\t\t\t\t<a class=\"elementor-button elementor-button-link elementor-size-sm\" href=\"https:\/\/dckancelaria.pl\/?page_id=570\">\n\t\t\t\t\t\t<span class=\"elementor-button-content-wrapper\">\n\t\t\t\t\t\t\t\t\t<span class=\"elementor-button-text\">KONTAKT<\/span>\n\t\t\t\t\t<\/span>\n\t\t\t\t\t<\/a>\n\t\t\t\t\t\t\t\t<\/div>\n\t\t\t\t\t<\/div>\n\t\t<\/div>\n\t\t\t\t<div class=\"elementor-column elementor-col-33 elementor-top-column elementor-element elementor-element-028e4db elementor-hidden-tablet elementor-hidden-phone\" data-id=\"028e4db\" data-element_type=\"column\">\n\t\t\t<div class=\"elementor-widget-wrap\">\n\t\t\t\t\t\t\t<\/div>\n\t\t<\/div>\n\t\t\t\t\t<\/div>\n\t\t<\/section>\n\t\t\t\t<\/div>\n\t\t","protected":false},"excerpt":{"rendered":"<p>Prawo spadkowe Sprawy spadkowe \u0142\u0105cz\u0105 emocje z formalno\u015bciami. Moj\u0105 rol\u0105 jest zdj\u0105\u0107 z Ciebie ci\u0119\u017car procedur i zaplanowa\u0107 dzia\u0142ania tak, by sprawnie i uczciwie uregulowa\u0107 sytuacj\u0119 w S\u0142upsku lub okolicach. Zaczynamy od uporz\u0105dkowania dokument\u00f3w i odpowiedzi na podstawowe pytania: kto dziedziczy, w jakich cz\u0119\u015bciach i jakie s\u0105 realne mo\u017cliwo\u015bci polubownego podzia\u0142u. Wyja\u015bniam r\u00f3\u017cnice mi\u0119dzy przyj\u0119ciem&#8230;<\/p>\n","protected":false},"author":1,"featured_media":0,"parent":0,"menu_order":0,"comment_status":"closed","ping_status":"closed","template":"","meta":{"_kadence_starter_templates_imported_post":false,"_kad_post_transparent":"","_kad_post_title":"hide","_kad_post_layout":"fullwidth","_kad_post_sidebar_id":"","_kad_post_content_style":"unboxed","_kad_post_vertical_padding":"hide","_kad_post_feature":"hide","_kad_post_feature_position":"","_kad_post_header":false,"_kad_post_footer":false,"footnotes":""},"class_list":["post-1348","page","type-page","status-publish","hentry"],"yoast_head":"<!-- This site is optimized with the Yoast SEO plugin v25.7 - https:\/\/yoast.com\/wordpress\/plugins\/seo\/ -->\n<title>Prawo spadkowe - dckancelaria.pl<\/title>\n<meta name=\"robots\" content=\"index, follow, max-snippet:-1, max-image-preview:large, max-video-preview:-1\" \/>\n<link rel=\"canonical\" href=\"https:\/\/dckancelaria.pl\/?page_id=1348\" \/>\n<meta property=\"og:locale\" content=\"en_US\" \/>\n<meta property=\"og:type\" content=\"article\" \/>\n<meta property=\"og:title\" content=\"Prawo spadkowe - dckancelaria.pl\" \/>\n<meta property=\"og:description\" content=\"Prawo spadkowe Sprawy spadkowe \u0142\u0105cz\u0105 emocje z formalno\u015bciami. Moj\u0105 rol\u0105 jest zdj\u0105\u0107 z Ciebie ci\u0119\u017car procedur i zaplanowa\u0107 dzia\u0142ania tak, by sprawnie i uczciwie uregulowa\u0107 sytuacj\u0119 w S\u0142upsku lub okolicach. Zaczynamy od uporz\u0105dkowania dokument\u00f3w i odpowiedzi na podstawowe pytania: kto dziedziczy, w jakich cz\u0119\u015bciach i jakie s\u0105 realne mo\u017cliwo\u015bci polubownego podzia\u0142u. Wyja\u015bniam r\u00f3\u017cnice mi\u0119dzy przyj\u0119ciem...\" \/>\n<meta property=\"og:url\" content=\"https:\/\/dckancelaria.pl\/?page_id=1348\" \/>\n<meta property=\"og:site_name\" content=\"dckancelaria.pl\" \/>\n<meta property=\"article:modified_time\" content=\"2025-08-14T22:10:30+00:00\" \/>\n<meta name=\"twitter:card\" content=\"summary_large_image\" \/>\n<meta name=\"twitter:label1\" content=\"Est. reading time\" \/>\n\t<meta name=\"twitter:data1\" content=\"2 minutes\" \/>\n<script type=\"application\/ld+json\" class=\"yoast-schema-graph\">{\"@context\":\"https:\/\/schema.org\",\"@graph\":[{\"@type\":\"WebPage\",\"@id\":\"https:\/\/dckancelaria.pl\/?page_id=1348\",\"url\":\"https:\/\/dckancelaria.pl\/?page_id=1348\",\"name\":\"Prawo spadkowe - dckancelaria.pl\",\"isPartOf\":{\"@id\":\"https:\/\/dckancelaria.pl\/#website\"},\"datePublished\":\"2025-08-14T19:48:48+00:00\",\"dateModified\":\"2025-08-14T22:10:30+00:00\",\"breadcrumb\":{\"@id\":\"https:\/\/dckancelaria.pl\/?page_id=1348#breadcrumb\"},\"inLanguage\":\"en-US\",\"potentialAction\":[{\"@type\":\"ReadAction\",\"target\":[\"https:\/\/dckancelaria.pl\/?page_id=1348\"]}]},{\"@type\":\"BreadcrumbList\",\"@id\":\"https:\/\/dckancelaria.pl\/?page_id=1348#breadcrumb\",\"itemListElement\":[{\"@type\":\"ListItem\",\"position\":1,\"name\":\"Strona g\u0142\u00f3wna\",\"item\":\"https:\/\/dckancelaria.pl\/\"},{\"@type\":\"ListItem\",\"position\":2,\"name\":\"Prawo spadkowe\"}]},{\"@type\":\"WebSite\",\"@id\":\"https:\/\/dckancelaria.pl\/#website\",\"url\":\"https:\/\/dckancelaria.pl\/\",\"name\":\"dckancelaria.pl\",\"description\":\"\",\"publisher\":{\"@id\":\"https:\/\/dckancelaria.pl\/#organization\"},\"potentialAction\":[{\"@type\":\"SearchAction\",\"target\":{\"@type\":\"EntryPoint\",\"urlTemplate\":\"https:\/\/dckancelaria.pl\/?s={search_term_string}\"},\"query-input\":{\"@type\":\"PropertyValueSpecification\",\"valueRequired\":true,\"valueName\":\"search_term_string\"}}],\"inLanguage\":\"en-US\"},{\"@type\":\"Organization\",\"@id\":\"https:\/\/dckancelaria.pl\/#organization\",\"name\":\"dckancelaria.pl\",\"url\":\"https:\/\/dckancelaria.pl\/\",\"logo\":{\"@type\":\"ImageObject\",\"inLanguage\":\"en-US\",\"@id\":\"https:\/\/dckancelaria.pl\/#\/schema\/logo\/image\/\",\"url\":\"https:\/\/dckancelaria.pl\/wp-content\/uploads\/2025\/08\/cropped-Czarne-Proste-Monoline-Nieruchomosci-Logo-\u2013-uslugi-1.png\",\"contentUrl\":\"https:\/\/dckancelaria.pl\/wp-content\/uploads\/2025\/08\/cropped-Czarne-Proste-Monoline-Nieruchomosci-Logo-\u2013-uslugi-1.png\",\"width\":800,\"height\":475,\"caption\":\"dckancelaria.pl\"},\"image\":{\"@id\":\"https:\/\/dckancelaria.pl\/#\/schema\/logo\/image\/\"}}]}<\/script>\n<!-- \/ Yoast SEO plugin. -->","yoast_head_json":{"title":"Prawo spadkowe - dckancelaria.pl","robots":{"index":"index","follow":"follow","max-snippet":"max-snippet:-1","max-image-preview":"max-image-preview:large","max-video-preview":"max-video-preview:-1"},"canonical":"https:\/\/dckancelaria.pl\/?page_id=1348","og_locale":"en_US","og_type":"article","og_title":"Prawo spadkowe - dckancelaria.pl","og_description":"Prawo spadkowe Sprawy spadkowe \u0142\u0105cz\u0105 emocje z formalno\u015bciami. Moj\u0105 rol\u0105 jest zdj\u0105\u0107 z Ciebie ci\u0119\u017car procedur i zaplanowa\u0107 dzia\u0142ania tak, by sprawnie i uczciwie uregulowa\u0107 sytuacj\u0119 w S\u0142upsku lub okolicach. Zaczynamy od uporz\u0105dkowania dokument\u00f3w i odpowiedzi na podstawowe pytania: kto dziedziczy, w jakich cz\u0119\u015bciach i jakie s\u0105 realne mo\u017cliwo\u015bci polubownego podzia\u0142u. Wyja\u015bniam r\u00f3\u017cnice mi\u0119dzy przyj\u0119ciem...","og_url":"https:\/\/dckancelaria.pl\/?page_id=1348","og_site_name":"dckancelaria.pl","article_modified_time":"2025-08-14T22:10:30+00:00","twitter_card":"summary_large_image","twitter_misc":{"Est. reading time":"2 minutes"},"schema":{"@context":"https:\/\/schema.org","@graph":[{"@type":"WebPage","@id":"https:\/\/dckancelaria.pl\/?page_id=1348","url":"https:\/\/dckancelaria.pl\/?page_id=1348","name":"Prawo spadkowe - dckancelaria.pl","isPartOf":{"@id":"https:\/\/dckancelaria.pl\/#website"},"datePublished":"2025-08-14T19:48:48+00:00","dateModified":"2025-08-14T22:10:30+00:00","breadcrumb":{"@id":"https:\/\/dckancelaria.pl\/?page_id=1348#breadcrumb"},"inLanguage":"en-US","potentialAction":[{"@type":"ReadAction","target":["https:\/\/dckancelaria.pl\/?page_id=1348"]}]},{"@type":"BreadcrumbList","@id":"https:\/\/dckancelaria.pl\/?page_id=1348#breadcrumb","itemListElement":[{"@type":"ListItem","position":1,"name":"Strona g\u0142\u00f3wna","item":"https:\/\/dckancelaria.pl\/"},{"@type":"ListItem","position":2,"name":"Prawo spadkowe"}]},{"@type":"WebSite","@id":"https:\/\/dckancelaria.pl\/#website","url":"https:\/\/dckancelaria.pl\/","name":"dckancelaria.pl","description":"","publisher":{"@id":"https:\/\/dckancelaria.pl\/#organization"},"potentialAction":[{"@type":"SearchAction","target":{"@type":"EntryPoint","urlTemplate":"https:\/\/dckancelaria.pl\/?s={search_term_string}"},"query-input":{"@type":"PropertyValueSpecification","valueRequired":true,"valueName":"search_term_string"}}],"inLanguage":"en-US"},{"@type":"Organization","@id":"https:\/\/dckancelaria.pl\/#organization","name":"dckancelaria.pl","url":"https:\/\/dckancelaria.pl\/","logo":{"@type":"ImageObject","inLanguage":"en-US","@id":"https:\/\/dckancelaria.pl\/#\/schema\/logo\/image\/","url":"https:\/\/dckancelaria.pl\/wp-content\/uploads\/2025\/08\/cropped-Czarne-Proste-Monoline-Nieruchomosci-Logo-\u2013-uslugi-1.png","contentUrl":"https:\/\/dckancelaria.pl\/wp-content\/uploads\/2025\/08\/cropped-Czarne-Proste-Monoline-Nieruchomosci-Logo-\u2013-uslugi-1.png","width":800,"height":475,"caption":"dckancelaria.pl"},"image":{"@id":"https:\/\/dckancelaria.pl\/#\/schema\/logo\/image\/"}}]}},"_links":{"self":[{"href":"https:\/\/dckancelaria.pl\/index.php?rest_route=\/wp\/v2\/pages\/1348","targetHints":{"allow":["GET"]}}],"collection":[{"href":"https:\/\/dckancelaria.pl\/index.php?rest_route=\/wp\/v2\/pages"}],"about":[{"href":"https:\/\/dckancelaria.pl\/index.php?rest_route=\/wp\/v2\/types\/page"}],"author":[{"embeddable":true,"href":"https:\/\/dckancelaria.pl\/index.php?rest_route=\/wp\/v2\/users\/1"}],"replies":[{"embeddable":true,"href":"https:\/\/dckancelaria.pl\/index.php?rest_route=%2Fwp%2Fv2%2Fcomments&post=1348"}],"version-history":[{"count":7,"href":"https:\/\/dckancelaria.pl\/index.php?rest_route=\/wp\/v2\/pages\/1348\/revisions"}],"predecessor-version":[{"id":1445,"href":"https:\/\/dckancelaria.pl\/index.php?rest_route=\/wp\/v2\/pages\/1348\/revisions\/1445"}],"wp:attachment":[{"href":"https:\/\/dckancelaria.pl\/index.php?rest_route=%2Fwp%2Fv2%2Fmedia&parent=1348"}],"curies":[{"name":"wp","href":"https:\/\/api.w.org\/{rel}","templated":true}]}}