{"id":1365,"date":"2025-08-14T21:51:47","date_gmt":"2025-08-14T19:51:47","guid":{"rendered":"https:\/\/dckancelaria.pl\/?page_id=1365"},"modified":"2025-08-15T00:06:37","modified_gmt":"2025-08-14T22:06:37","slug":"egzekucja-naleznosci","status":"publish","type":"page","link":"https:\/\/dckancelaria.pl\/?page_id=1365","title":{"rendered":"Egzekucja nale\u017cno\u015bci"},"content":{"rendered":"\t\t<div data-elementor-type=\"wp-page\" data-elementor-id=\"1365\" class=\"elementor elementor-1365\">\n\t\t\t\t<div class=\"elementor-element elementor-element-b32b7ef e-flex e-con-boxed e-con e-parent\" data-id=\"b32b7ef\" data-element_type=\"container\" data-settings=\"{&quot;background_background&quot;:&quot;classic&quot;}\">\n\t\t\t\t\t<div class=\"e-con-inner\">\n\t\t\t\t<div class=\"elementor-element elementor-element-a50870d elementor-widget elementor-widget-spacer\" data-id=\"a50870d\" data-element_type=\"widget\" data-widget_type=\"spacer.default\">\n\t\t\t\t\t\t\t<div class=\"elementor-spacer\">\n\t\t\t<div class=\"elementor-spacer-inner\"><\/div>\n\t\t<\/div>\n\t\t\t\t\t\t<\/div>\n\t\t\t\t<div class=\"elementor-element elementor-element-ad76577 elementor-widget elementor-widget-heading\" data-id=\"ad76577\" data-element_type=\"widget\" data-widget_type=\"heading.default\">\n\t\t\t\t\t<h1 class=\"elementor-heading-title elementor-size-default\">Egzekucja nale\u017cno\u015bci <\/h1>\t\t\t\t<\/div>\n\t\t\t\t<div class=\"elementor-element elementor-element-86b2ab1 elementor-widget elementor-widget-spacer\" data-id=\"86b2ab1\" data-element_type=\"widget\" data-widget_type=\"spacer.default\">\n\t\t\t\t\t\t\t<div class=\"elementor-spacer\">\n\t\t\t<div class=\"elementor-spacer-inner\"><\/div>\n\t\t<\/div>\n\t\t\t\t\t\t<\/div>\n\t\t\t\t<div class=\"elementor-element elementor-element-33d20c3 elementor-widget elementor-widget-spacer\" data-id=\"33d20c3\" data-element_type=\"widget\" data-widget_type=\"spacer.default\">\n\t\t\t\t\t\t\t<div class=\"elementor-spacer\">\n\t\t\t<div class=\"elementor-spacer-inner\"><\/div>\n\t\t<\/div>\n\t\t\t\t\t\t<\/div>\n\t\t\t\t\t<\/div>\n\t\t\t\t<\/div>\n\t\t<div class=\"elementor-element elementor-element-b7c2c56 e-flex e-con-boxed e-con e-parent\" data-id=\"b7c2c56\" data-element_type=\"container\">\n\t\t\t\t\t<div class=\"e-con-inner\">\n\t\t\t\t<div class=\"elementor-element elementor-element-db44642 elementor-widget elementor-widget-spacer\" data-id=\"db44642\" data-element_type=\"widget\" data-widget_type=\"spacer.default\">\n\t\t\t\t\t\t\t<div class=\"elementor-spacer\">\n\t\t\t<div class=\"elementor-spacer-inner\"><\/div>\n\t\t<\/div>\n\t\t\t\t\t\t<\/div>\n\t\t\t\t\t<\/div>\n\t\t\t\t<\/div>\n\t\t<div class=\"elementor-element elementor-element-dad2377 e-flex e-con-boxed e-con e-parent\" data-id=\"dad2377\" data-element_type=\"container\">\n\t\t\t\t\t<div class=\"e-con-inner\">\n\t\t\t\t<div class=\"elementor-element elementor-element-739f6fc elementor-widget elementor-widget-text-editor\" data-id=\"739f6fc\" data-element_type=\"widget\" data-widget_type=\"text-editor.default\">\n\t\t\t\t\t\t\t\t\t<p data-start=\"2760\" data-end=\"3252\">Skuteczne odzyskanie pieni\u0119dzy to po\u0142\u0105czenie tempa i w\u0142a\u015bciwej kolejno\u015bci krok\u00f3w. Zaczynam od analizy dokument\u00f3w i ustalenia, z czego wynika d\u0142ug. Je\u017celi jest szansa na szybk\u0105 ugod\u0119, proponuj\u0119 harmonogram sp\u0142aty z realnymi zabezpieczeniami. Je\u017celi to nie dzia\u0142a \u2014 sk\u0142adam pozew (tak\u017ce w e-s\u0105dzie, gdy si\u0119 op\u0142aca), uzyskuj\u0119 tytu\u0142 wykonawczy, a nast\u0119pnie kieruj\u0119 wniosek do komornika w <strong data-start=\"3144\" data-end=\"3155\">S\u0142upsku<\/strong> lub w\u0142a\u015bciwym rejonie. R\u00f3wnolegle dbam o odsetki, koszty i ewentualne zabezpieczenie roszczenia.<\/p><p data-start=\"3254\" data-end=\"3567\">Po drodze my\u015bl\u0119 o \u201eplanie B\u201d: jak ustali\u0107 maj\u0105tek d\u0142u\u017cnika, jakie sk\u0142adniki wskaza\u0107 we wniosku, czy korzysta\u0107 z zaj\u0119\u0107 rachunk\u00f3w, ruchomo\u015bci, wynagrodzenia albo nieruchomo\u015bci. Je\u015bli egzekucja oka\u017ce si\u0119 bezskuteczna, rozwa\u017cam dalsze instrumenty \u2014 tak, by nie zamkn\u0105\u0107 sobie drogi do odzyskania \u015brodk\u00f3w w przysz\u0142o\u015bci.<\/p><p data-start=\"3569\" data-end=\"3594\">Najcz\u0119\u015bciej pomagam, gdy:<\/p><ul data-start=\"3595\" data-end=\"3913\"><li data-start=\"3595\" data-end=\"3665\"><p data-start=\"3597\" data-end=\"3665\">potrzebne s\u0105 <strong data-start=\"3610\" data-end=\"3633\">wezwania do zap\u0142aty<\/strong> i negocjacje z zabezpieczeniem,<\/p><\/li><li data-start=\"3666\" data-end=\"3746\"><p data-start=\"3668\" data-end=\"3746\">sk\u0142adamy <strong data-start=\"3677\" data-end=\"3686\">pozew<\/strong> i wniosek o <strong data-start=\"3699\" data-end=\"3717\">zabezpieczenie<\/strong> (\u017ceby nie \u201euciek\u0142\u201d maj\u0105tek),<\/p><\/li><li data-start=\"3747\" data-end=\"3824\"><p data-start=\"3749\" data-end=\"3824\">uzyskujemy <strong data-start=\"3760\" data-end=\"3785\">klauzul\u0119 wykonalno\u015bci<\/strong> i prowadzimy <strong data-start=\"3799\" data-end=\"3823\">egzekucj\u0119 komornicz\u0105<\/strong>,<\/p><\/li><li data-start=\"3825\" data-end=\"3913\"><p data-start=\"3827\" data-end=\"3913\">po bezskuteczno\u015bci planujemy <strong data-start=\"3856\" data-end=\"3872\">dalsze kroki<\/strong> (wyjawienie maj\u0105tku, skarga paulia\u0144ska).<\/p><\/li><\/ul><p data-start=\"3915\" data-end=\"4019\">Dostajesz regularne aktualizacje i decyzje podejmujesz \u015bwiadomie \u2014 z pe\u0142n\u0105 wiedz\u0105 o szansach i kosztach.<\/p>\t\t\t\t\t\t\t\t<\/div>\n\t\t\t\t\t<\/div>\n\t\t\t\t<\/div>\n\t\t\t\t<section class=\"elementor-section elementor-top-section elementor-element elementor-element-d062cff elementor-section-boxed elementor-section-height-default elementor-section-height-default\" data-id=\"d062cff\" data-element_type=\"section\">\n\t\t\t\t\t\t\t<div class=\"elementor-background-overlay\"><\/div>\n\t\t\t\t\t\t\t<div class=\"elementor-container elementor-column-gap-default\">\n\t\t\t\t\t<div class=\"elementor-column elementor-col-33 elementor-top-column elementor-element elementor-element-94ba728 elementor-hidden-phone\" data-id=\"94ba728\" data-element_type=\"column\">\n\t\t\t<div class=\"elementor-widget-wrap\">\n\t\t\t\t\t\t\t<\/div>\n\t\t<\/div>\n\t\t\t\t<div class=\"elementor-column elementor-col-33 elementor-top-column elementor-element elementor-element-66d0ce4\" data-id=\"66d0ce4\" data-element_type=\"column\">\n\t\t\t<div class=\"elementor-widget-wrap elementor-element-populated\">\n\t\t\t\t\t\t<div class=\"elementor-element elementor-element-b0d4ea8 elementor-widget elementor-widget-heading\" data-id=\"b0d4ea8\" data-element_type=\"widget\" data-widget_type=\"heading.default\">\n\t\t\t\t\t<h6 class=\"elementor-heading-title elementor-size-default\">Masz pytanie?<\/h6>\t\t\t\t<\/div>\n\t\t\t\t<div class=\"elementor-element elementor-element-6abd177 elementor-widget elementor-widget-heading\" data-id=\"6abd177\" data-element_type=\"widget\" data-widget_type=\"heading.default\">\n\t\t\t\t\t<h2 class=\"elementor-heading-title elementor-size-default\">Skontaktuj si\u0119 <\/h2>\t\t\t\t<\/div>\n\t\t\t\t<div class=\"elementor-element elementor-element-71b1f15 elementor-widget elementor-widget-text-editor\" data-id=\"71b1f15\" data-element_type=\"widget\" data-widget_type=\"text-editor.default\">\n\t\t\t\t\t\t\t\t\t<p>Odpowiadamy szybko i precyzyjnie za twoje pytania. Jeste\u015bmy dost\u0119pni 7dni w tygodniu do waszej dyspozycji.<\/p>\t\t\t\t\t\t\t\t<\/div>\n\t\t\t\t<div class=\"elementor-element elementor-element-c68a41b elementor-mobile-align-justify elementor-align-center elementor-widget elementor-widget-button\" data-id=\"c68a41b\" data-element_type=\"widget\" data-widget_type=\"button.default\">\n\t\t\t\t\t\t\t\t\t\t<a class=\"elementor-button elementor-button-link elementor-size-sm\" href=\"https:\/\/dckancelaria.pl\/?page_id=570\">\n\t\t\t\t\t\t<span class=\"elementor-button-content-wrapper\">\n\t\t\t\t\t\t\t\t\t<span class=\"elementor-button-text\">KONTAKT<\/span>\n\t\t\t\t\t<\/span>\n\t\t\t\t\t<\/a>\n\t\t\t\t\t\t\t\t<\/div>\n\t\t\t\t\t<\/div>\n\t\t<\/div>\n\t\t\t\t<div class=\"elementor-column elementor-col-33 elementor-top-column elementor-element elementor-element-d4ad78c elementor-hidden-tablet elementor-hidden-phone\" data-id=\"d4ad78c\" data-element_type=\"column\">\n\t\t\t<div class=\"elementor-widget-wrap\">\n\t\t\t\t\t\t\t<\/div>\n\t\t<\/div>\n\t\t\t\t\t<\/div>\n\t\t<\/section>\n\t\t\t\t<\/div>\n\t\t","protected":false},"excerpt":{"rendered":"<p>Egzekucja nale\u017cno\u015bci Skuteczne odzyskanie pieni\u0119dzy to po\u0142\u0105czenie tempa i w\u0142a\u015bciwej kolejno\u015bci krok\u00f3w. Zaczynam od analizy dokument\u00f3w i ustalenia, z czego wynika d\u0142ug. Je\u017celi jest szansa na szybk\u0105 ugod\u0119, proponuj\u0119 harmonogram sp\u0142aty z realnymi zabezpieczeniami. Je\u017celi to nie dzia\u0142a \u2014 sk\u0142adam pozew (tak\u017ce w e-s\u0105dzie, gdy si\u0119 op\u0142aca), uzyskuj\u0119 tytu\u0142 wykonawczy, a nast\u0119pnie kieruj\u0119 wniosek do&#8230;<\/p>\n","protected":false},"author":1,"featured_media":0,"parent":0,"menu_order":0,"comment_status":"closed","ping_status":"closed","template":"","meta":{"_kadence_starter_templates_imported_post":false,"_kad_post_transparent":"","_kad_post_title":"hide","_kad_post_layout":"fullwidth","_kad_post_sidebar_id":"","_kad_post_content_style":"unboxed","_kad_post_vertical_padding":"hide","_kad_post_feature":"hide","_kad_post_feature_position":"","_kad_post_header":false,"_kad_post_footer":false,"footnotes":""},"class_list":["post-1365","page","type-page","status-publish","hentry"],"yoast_head":"<!-- This site is optimized with the Yoast SEO plugin v25.7 - https:\/\/yoast.com\/wordpress\/plugins\/seo\/ -->\n<title>Egzekucja nale\u017cno\u015bci - dckancelaria.pl<\/title>\n<meta name=\"robots\" content=\"index, follow, max-snippet:-1, max-image-preview:large, max-video-preview:-1\" \/>\n<link rel=\"canonical\" href=\"https:\/\/dckancelaria.pl\/?page_id=1365\" \/>\n<meta property=\"og:locale\" content=\"en_US\" \/>\n<meta property=\"og:type\" content=\"article\" \/>\n<meta property=\"og:title\" content=\"Egzekucja nale\u017cno\u015bci - dckancelaria.pl\" \/>\n<meta property=\"og:description\" content=\"Egzekucja nale\u017cno\u015bci Skuteczne odzyskanie pieni\u0119dzy to po\u0142\u0105czenie tempa i w\u0142a\u015bciwej kolejno\u015bci krok\u00f3w. Zaczynam od analizy dokument\u00f3w i ustalenia, z czego wynika d\u0142ug. Je\u017celi jest szansa na szybk\u0105 ugod\u0119, proponuj\u0119 harmonogram sp\u0142aty z realnymi zabezpieczeniami. Je\u017celi to nie dzia\u0142a \u2014 sk\u0142adam pozew (tak\u017ce w e-s\u0105dzie, gdy si\u0119 op\u0142aca), uzyskuj\u0119 tytu\u0142 wykonawczy, a nast\u0119pnie kieruj\u0119 wniosek do...\" \/>\n<meta property=\"og:url\" content=\"https:\/\/dckancelaria.pl\/?page_id=1365\" \/>\n<meta property=\"og:site_name\" content=\"dckancelaria.pl\" \/>\n<meta property=\"article:modified_time\" content=\"2025-08-14T22:06:37+00:00\" \/>\n<meta name=\"twitter:card\" content=\"summary_large_image\" \/>\n<meta name=\"twitter:label1\" content=\"Est. reading time\" \/>\n\t<meta name=\"twitter:data1\" content=\"2 minutes\" \/>\n<script type=\"application\/ld+json\" class=\"yoast-schema-graph\">{\"@context\":\"https:\/\/schema.org\",\"@graph\":[{\"@type\":\"WebPage\",\"@id\":\"https:\/\/dckancelaria.pl\/?page_id=1365\",\"url\":\"https:\/\/dckancelaria.pl\/?page_id=1365\",\"name\":\"Egzekucja nale\u017cno\u015bci - dckancelaria.pl\",\"isPartOf\":{\"@id\":\"https:\/\/dckancelaria.pl\/#website\"},\"datePublished\":\"2025-08-14T19:51:47+00:00\",\"dateModified\":\"2025-08-14T22:06:37+00:00\",\"breadcrumb\":{\"@id\":\"https:\/\/dckancelaria.pl\/?page_id=1365#breadcrumb\"},\"inLanguage\":\"en-US\",\"potentialAction\":[{\"@type\":\"ReadAction\",\"target\":[\"https:\/\/dckancelaria.pl\/?page_id=1365\"]}]},{\"@type\":\"BreadcrumbList\",\"@id\":\"https:\/\/dckancelaria.pl\/?page_id=1365#breadcrumb\",\"itemListElement\":[{\"@type\":\"ListItem\",\"position\":1,\"name\":\"Strona g\u0142\u00f3wna\",\"item\":\"https:\/\/dckancelaria.pl\/\"},{\"@type\":\"ListItem\",\"position\":2,\"name\":\"Egzekucja nale\u017cno\u015bci\"}]},{\"@type\":\"WebSite\",\"@id\":\"https:\/\/dckancelaria.pl\/#website\",\"url\":\"https:\/\/dckancelaria.pl\/\",\"name\":\"dckancelaria.pl\",\"description\":\"\",\"publisher\":{\"@id\":\"https:\/\/dckancelaria.pl\/#organization\"},\"potentialAction\":[{\"@type\":\"SearchAction\",\"target\":{\"@type\":\"EntryPoint\",\"urlTemplate\":\"https:\/\/dckancelaria.pl\/?s={search_term_string}\"},\"query-input\":{\"@type\":\"PropertyValueSpecification\",\"valueRequired\":true,\"valueName\":\"search_term_string\"}}],\"inLanguage\":\"en-US\"},{\"@type\":\"Organization\",\"@id\":\"https:\/\/dckancelaria.pl\/#organization\",\"name\":\"dckancelaria.pl\",\"url\":\"https:\/\/dckancelaria.pl\/\",\"logo\":{\"@type\":\"ImageObject\",\"inLanguage\":\"en-US\",\"@id\":\"https:\/\/dckancelaria.pl\/#\/schema\/logo\/image\/\",\"url\":\"https:\/\/dckancelaria.pl\/wp-content\/uploads\/2025\/08\/cropped-Czarne-Proste-Monoline-Nieruchomosci-Logo-\u2013-uslugi-1.png\",\"contentUrl\":\"https:\/\/dckancelaria.pl\/wp-content\/uploads\/2025\/08\/cropped-Czarne-Proste-Monoline-Nieruchomosci-Logo-\u2013-uslugi-1.png\",\"width\":800,\"height\":475,\"caption\":\"dckancelaria.pl\"},\"image\":{\"@id\":\"https:\/\/dckancelaria.pl\/#\/schema\/logo\/image\/\"}}]}<\/script>\n<!-- \/ Yoast SEO plugin. -->","yoast_head_json":{"title":"Egzekucja nale\u017cno\u015bci - dckancelaria.pl","robots":{"index":"index","follow":"follow","max-snippet":"max-snippet:-1","max-image-preview":"max-image-preview:large","max-video-preview":"max-video-preview:-1"},"canonical":"https:\/\/dckancelaria.pl\/?page_id=1365","og_locale":"en_US","og_type":"article","og_title":"Egzekucja nale\u017cno\u015bci - dckancelaria.pl","og_description":"Egzekucja nale\u017cno\u015bci Skuteczne odzyskanie pieni\u0119dzy to po\u0142\u0105czenie tempa i w\u0142a\u015bciwej kolejno\u015bci krok\u00f3w. Zaczynam od analizy dokument\u00f3w i ustalenia, z czego wynika d\u0142ug. Je\u017celi jest szansa na szybk\u0105 ugod\u0119, proponuj\u0119 harmonogram sp\u0142aty z realnymi zabezpieczeniami. Je\u017celi to nie dzia\u0142a \u2014 sk\u0142adam pozew (tak\u017ce w e-s\u0105dzie, gdy si\u0119 op\u0142aca), uzyskuj\u0119 tytu\u0142 wykonawczy, a nast\u0119pnie kieruj\u0119 wniosek do...","og_url":"https:\/\/dckancelaria.pl\/?page_id=1365","og_site_name":"dckancelaria.pl","article_modified_time":"2025-08-14T22:06:37+00:00","twitter_card":"summary_large_image","twitter_misc":{"Est. reading time":"2 minutes"},"schema":{"@context":"https:\/\/schema.org","@graph":[{"@type":"WebPage","@id":"https:\/\/dckancelaria.pl\/?page_id=1365","url":"https:\/\/dckancelaria.pl\/?page_id=1365","name":"Egzekucja nale\u017cno\u015bci - dckancelaria.pl","isPartOf":{"@id":"https:\/\/dckancelaria.pl\/#website"},"datePublished":"2025-08-14T19:51:47+00:00","dateModified":"2025-08-14T22:06:37+00:00","breadcrumb":{"@id":"https:\/\/dckancelaria.pl\/?page_id=1365#breadcrumb"},"inLanguage":"en-US","potentialAction":[{"@type":"ReadAction","target":["https:\/\/dckancelaria.pl\/?page_id=1365"]}]},{"@type":"BreadcrumbList","@id":"https:\/\/dckancelaria.pl\/?page_id=1365#breadcrumb","itemListElement":[{"@type":"ListItem","position":1,"name":"Strona g\u0142\u00f3wna","item":"https:\/\/dckancelaria.pl\/"},{"@type":"ListItem","position":2,"name":"Egzekucja nale\u017cno\u015bci"}]},{"@type":"WebSite","@id":"https:\/\/dckancelaria.pl\/#website","url":"https:\/\/dckancelaria.pl\/","name":"dckancelaria.pl","description":"","publisher":{"@id":"https:\/\/dckancelaria.pl\/#organization"},"potentialAction":[{"@type":"SearchAction","target":{"@type":"EntryPoint","urlTemplate":"https:\/\/dckancelaria.pl\/?s={search_term_string}"},"query-input":{"@type":"PropertyValueSpecification","valueRequired":true,"valueName":"search_term_string"}}],"inLanguage":"en-US"},{"@type":"Organization","@id":"https:\/\/dckancelaria.pl\/#organization","name":"dckancelaria.pl","url":"https:\/\/dckancelaria.pl\/","logo":{"@type":"ImageObject","inLanguage":"en-US","@id":"https:\/\/dckancelaria.pl\/#\/schema\/logo\/image\/","url":"https:\/\/dckancelaria.pl\/wp-content\/uploads\/2025\/08\/cropped-Czarne-Proste-Monoline-Nieruchomosci-Logo-\u2013-uslugi-1.png","contentUrl":"https:\/\/dckancelaria.pl\/wp-content\/uploads\/2025\/08\/cropped-Czarne-Proste-Monoline-Nieruchomosci-Logo-\u2013-uslugi-1.png","width":800,"height":475,"caption":"dckancelaria.pl"},"image":{"@id":"https:\/\/dckancelaria.pl\/#\/schema\/logo\/image\/"}}]}},"_links":{"self":[{"href":"https:\/\/dckancelaria.pl\/index.php?rest_route=\/wp\/v2\/pages\/1365","targetHints":{"allow":["GET"]}}],"collection":[{"href":"https:\/\/dckancelaria.pl\/index.php?rest_route=\/wp\/v2\/pages"}],"about":[{"href":"https:\/\/dckancelaria.pl\/index.php?rest_route=\/wp\/v2\/types\/page"}],"author":[{"embeddable":true,"href":"https:\/\/dckancelaria.pl\/index.php?rest_route=\/wp\/v2\/users\/1"}],"replies":[{"embeddable":true,"href":"https:\/\/dckancelaria.pl\/index.php?rest_route=%2Fwp%2Fv2%2Fcomments&post=1365"}],"version-history":[{"count":7,"href":"https:\/\/dckancelaria.pl\/index.php?rest_route=\/wp\/v2\/pages\/1365\/revisions"}],"predecessor-version":[{"id":1424,"href":"https:\/\/dckancelaria.pl\/index.php?rest_route=\/wp\/v2\/pages\/1365\/revisions\/1424"}],"wp:attachment":[{"href":"https:\/\/dckancelaria.pl\/index.php?rest_route=%2Fwp%2Fv2%2Fmedia&parent=1365"}],"curies":[{"name":"wp","href":"https:\/\/api.w.org\/{rel}","templated":true}]}}