{"id":1371,"date":"2025-08-14T21:56:22","date_gmt":"2025-08-14T19:56:22","guid":{"rendered":"https:\/\/dckancelaria.pl\/?page_id=1371"},"modified":"2025-08-15T21:45:02","modified_gmt":"2025-08-15T19:45:02","slug":"umowy-oraz-spolki-rejestracja-likwidacja-zmiany-w-krs","status":"publish","type":"page","link":"https:\/\/dckancelaria.pl\/?page_id=1371","title":{"rendered":"Umowy oraz sp\u00f3\u0142ki (rejestracja, likwidacja, zmiany w KRS)"},"content":{"rendered":"\t\t<div data-elementor-type=\"wp-page\" data-elementor-id=\"1371\" class=\"elementor elementor-1371\">\n\t\t\t\t<div class=\"elementor-element elementor-element-353d05f e-flex e-con-boxed e-con e-parent\" data-id=\"353d05f\" data-element_type=\"container\" data-settings=\"{&quot;background_background&quot;:&quot;classic&quot;}\">\n\t\t\t\t\t<div class=\"e-con-inner\">\n\t\t\t\t<div class=\"elementor-element elementor-element-aa4f562 elementor-widget elementor-widget-spacer\" data-id=\"aa4f562\" data-element_type=\"widget\" data-widget_type=\"spacer.default\">\n\t\t\t\t\t\t\t<div class=\"elementor-spacer\">\n\t\t\t<div class=\"elementor-spacer-inner\"><\/div>\n\t\t<\/div>\n\t\t\t\t\t\t<\/div>\n\t\t\t\t<div class=\"elementor-element elementor-element-39fee94 elementor-widget elementor-widget-heading\" data-id=\"39fee94\" data-element_type=\"widget\" data-widget_type=\"heading.default\">\n\t\t\t\t\t<h1 class=\"elementor-heading-title elementor-size-default\">Umowy oraz sp\u00f3\u0142ki<br>rejestracja, likwidacja, zmiany w KRS<\/h1>\t\t\t\t<\/div>\n\t\t\t\t<div class=\"elementor-element elementor-element-ced0e4b elementor-widget elementor-widget-spacer\" data-id=\"ced0e4b\" data-element_type=\"widget\" data-widget_type=\"spacer.default\">\n\t\t\t\t\t\t\t<div class=\"elementor-spacer\">\n\t\t\t<div class=\"elementor-spacer-inner\"><\/div>\n\t\t<\/div>\n\t\t\t\t\t\t<\/div>\n\t\t\t\t<div class=\"elementor-element elementor-element-7eff191 elementor-widget elementor-widget-spacer\" data-id=\"7eff191\" data-element_type=\"widget\" data-widget_type=\"spacer.default\">\n\t\t\t\t\t\t\t<div class=\"elementor-spacer\">\n\t\t\t<div class=\"elementor-spacer-inner\"><\/div>\n\t\t<\/div>\n\t\t\t\t\t\t<\/div>\n\t\t\t\t\t<\/div>\n\t\t\t\t<\/div>\n\t\t<div class=\"elementor-element elementor-element-d1a1804 e-flex e-con-boxed e-con e-parent\" data-id=\"d1a1804\" data-element_type=\"container\">\n\t\t\t\t\t<div class=\"e-con-inner\">\n\t\t\t\t<div class=\"elementor-element elementor-element-6c349a4 elementor-widget elementor-widget-spacer\" data-id=\"6c349a4\" data-element_type=\"widget\" data-widget_type=\"spacer.default\">\n\t\t\t\t\t\t\t<div class=\"elementor-spacer\">\n\t\t\t<div class=\"elementor-spacer-inner\"><\/div>\n\t\t<\/div>\n\t\t\t\t\t\t<\/div>\n\t\t\t\t<div class=\"elementor-element elementor-element-94b3bbc elementor-widget elementor-widget-text-editor\" data-id=\"94b3bbc\" data-element_type=\"widget\" data-widget_type=\"text-editor.default\">\n\t\t\t\t\t\t\t\t\t<p data-start=\"4096\" data-end=\"4653\">Pomagam wybra\u0107 form\u0119 prowadzenia dzia\u0142alno\u015bci i prowadz\u0119 formalno\u015bci \u201eod A do Z\u201d. Przygotowuj\u0119 umowy sp\u00f3\u0142ek, uchwa\u0142y, protoko\u0142y, wnioski do <strong data-start=\"4236\" data-end=\"4243\">KRS<\/strong> i <strong data-start=\"4246\" data-end=\"4254\">CRBR<\/strong>, dbam o zgodno\u015b\u0107 dokument\u00f3w i porz\u0105dek w rejestrach. Je\u015bli zale\u017cy Ci na czasie, korzystam z S24 \u2014 wcze\u015bniej dopracowuj\u0105c tre\u015b\u0107 umowy i zabezpieczenia mi\u0119dzy wsp\u00f3lnikami. Gdy firma ju\u017c dzia\u0142a, wspieram w zmianach (zarz\u0105d, kapita\u0142, siedziba, PKD), a przy sporach wsp\u00f3lnik\u00f3w proponuj\u0119 rozwi\u0105zania, kt\u00f3re chroni\u0105 biznes i relacje. Gdy trzeba zamkn\u0105\u0107 dzia\u0142alno\u015b\u0107 \u2014 prowadz\u0119 likwidacj\u0119 a\u017c do wykre\u015blenia.<\/p><p data-start=\"4655\" data-end=\"4935\">Kluczowe jest, aby dokumenty oddawa\u0142y realne ustalenia i minimalizowa\u0142y ryzyko spor\u00f3w. Dlatego t\u0142umacz\u0119 \u201epo ludzku\u201d, co oznaczaj\u0105 poszczeg\u00f3lne zapisy (np. dop\u0142aty, uprzywilejowanie udzia\u0142\u00f3w, zakaz konkurencji), i jakie b\u0119d\u0105 konsekwencje na etapie wsp\u00f3\u0142pracy lub wyj\u015bcia ze sp\u00f3\u0142ki.<\/p><p data-start=\"5281\" data-end=\"5453\" data-is-last-node=\"\" data-is-only-node=\"\">Dzia\u0142am sprawnie i przewidywalnie: dostajesz harmonogram, kosztorys i jasne instrukcje. Ty skupiasz si\u0119 na biznesie \u2014 ja pilnuj\u0119 papier\u00f3w i termin\u00f3w w <strong data-start=\"5432\" data-end=\"5443\">S\u0142upsku<\/strong> i online.<\/p>\t\t\t\t\t\t\t\t<\/div>\n\t\t\t\t\t<\/div>\n\t\t\t\t<\/div>\n\t\t\t\t<section class=\"elementor-section elementor-top-section elementor-element elementor-element-e5588db elementor-section-boxed elementor-section-height-default elementor-section-height-default\" data-id=\"e5588db\" data-element_type=\"section\">\n\t\t\t\t\t\t\t<div class=\"elementor-background-overlay\"><\/div>\n\t\t\t\t\t\t\t<div class=\"elementor-container elementor-column-gap-default\">\n\t\t\t\t\t<div class=\"elementor-column elementor-col-33 elementor-top-column elementor-element elementor-element-a90f723 elementor-hidden-phone\" data-id=\"a90f723\" data-element_type=\"column\">\n\t\t\t<div class=\"elementor-widget-wrap\">\n\t\t\t\t\t\t\t<\/div>\n\t\t<\/div>\n\t\t\t\t<div class=\"elementor-column elementor-col-33 elementor-top-column elementor-element elementor-element-3f8deee\" data-id=\"3f8deee\" data-element_type=\"column\">\n\t\t\t<div class=\"elementor-widget-wrap elementor-element-populated\">\n\t\t\t\t\t\t<div class=\"elementor-element elementor-element-10c1d90 elementor-widget elementor-widget-heading\" data-id=\"10c1d90\" data-element_type=\"widget\" data-widget_type=\"heading.default\">\n\t\t\t\t\t<h6 class=\"elementor-heading-title elementor-size-default\">Masz pytanie?<\/h6>\t\t\t\t<\/div>\n\t\t\t\t<div class=\"elementor-element elementor-element-432830d elementor-widget elementor-widget-heading\" data-id=\"432830d\" data-element_type=\"widget\" data-widget_type=\"heading.default\">\n\t\t\t\t\t<h2 class=\"elementor-heading-title elementor-size-default\">Skontaktuj si\u0119 <\/h2>\t\t\t\t<\/div>\n\t\t\t\t<div class=\"elementor-element elementor-element-4c10543 elementor-widget elementor-widget-text-editor\" data-id=\"4c10543\" data-element_type=\"widget\" data-widget_type=\"text-editor.default\">\n\t\t\t\t\t\t\t\t\t<p>Odpowiadamy szybko i precyzyjnie za twoje pytania. Jeste\u015bmy dost\u0119pni 7dni w tygodniu do waszej dyspozycji.<\/p>\t\t\t\t\t\t\t\t<\/div>\n\t\t\t\t<div class=\"elementor-element elementor-element-b633b77 elementor-mobile-align-justify elementor-align-center elementor-widget elementor-widget-button\" data-id=\"b633b77\" data-element_type=\"widget\" data-widget_type=\"button.default\">\n\t\t\t\t\t\t\t\t\t\t<a class=\"elementor-button elementor-button-link elementor-size-sm\" href=\"https:\/\/dckancelaria.pl\/?page_id=570\">\n\t\t\t\t\t\t<span class=\"elementor-button-content-wrapper\">\n\t\t\t\t\t\t\t\t\t<span class=\"elementor-button-text\">KONTAKT<\/span>\n\t\t\t\t\t<\/span>\n\t\t\t\t\t<\/a>\n\t\t\t\t\t\t\t\t<\/div>\n\t\t\t\t\t<\/div>\n\t\t<\/div>\n\t\t\t\t<div class=\"elementor-column elementor-col-33 elementor-top-column elementor-element elementor-element-8bfcf4e elementor-hidden-tablet elementor-hidden-phone\" data-id=\"8bfcf4e\" data-element_type=\"column\">\n\t\t\t<div class=\"elementor-widget-wrap\">\n\t\t\t\t\t\t\t<\/div>\n\t\t<\/div>\n\t\t\t\t\t<\/div>\n\t\t<\/section>\n\t\t\t\t<\/div>\n\t\t","protected":false},"excerpt":{"rendered":"<p>Umowy oraz sp\u00f3\u0142kirejestracja, likwidacja, zmiany w KRS Pomagam wybra\u0107 form\u0119 prowadzenia dzia\u0142alno\u015bci i prowadz\u0119 formalno\u015bci \u201eod A do Z\u201d. Przygotowuj\u0119 umowy sp\u00f3\u0142ek, uchwa\u0142y, protoko\u0142y, wnioski do KRS i CRBR, dbam o zgodno\u015b\u0107 dokument\u00f3w i porz\u0105dek w rejestrach. Je\u015bli zale\u017cy Ci na czasie, korzystam z S24 \u2014 wcze\u015bniej dopracowuj\u0105c tre\u015b\u0107 umowy i zabezpieczenia mi\u0119dzy wsp\u00f3lnikami. Gdy&#8230;<\/p>\n","protected":false},"author":1,"featured_media":0,"parent":0,"menu_order":0,"comment_status":"closed","ping_status":"closed","template":"","meta":{"_kadence_starter_templates_imported_post":false,"_kad_post_transparent":"","_kad_post_title":"hide","_kad_post_layout":"fullwidth","_kad_post_sidebar_id":"","_kad_post_content_style":"unboxed","_kad_post_vertical_padding":"hide","_kad_post_feature":"hide","_kad_post_feature_position":"","_kad_post_header":false,"_kad_post_footer":false,"footnotes":""},"class_list":["post-1371","page","type-page","status-publish","hentry"],"yoast_head":"<!-- This site is optimized with the Yoast SEO plugin v25.7 - https:\/\/yoast.com\/wordpress\/plugins\/seo\/ -->\n<title>Umowy oraz sp\u00f3\u0142ki (rejestracja, likwidacja, zmiany w KRS) - dckancelaria.pl<\/title>\n<meta name=\"robots\" content=\"index, follow, max-snippet:-1, max-image-preview:large, max-video-preview:-1\" \/>\n<link rel=\"canonical\" href=\"https:\/\/dckancelaria.pl\/?page_id=1371\" \/>\n<meta property=\"og:locale\" content=\"en_US\" \/>\n<meta property=\"og:type\" content=\"article\" \/>\n<meta property=\"og:title\" content=\"Umowy oraz sp\u00f3\u0142ki (rejestracja, likwidacja, zmiany w KRS) - dckancelaria.pl\" \/>\n<meta property=\"og:description\" content=\"Umowy oraz sp\u00f3\u0142kirejestracja, likwidacja, zmiany w KRS Pomagam wybra\u0107 form\u0119 prowadzenia dzia\u0142alno\u015bci i prowadz\u0119 formalno\u015bci \u201eod A do Z\u201d. Przygotowuj\u0119 umowy sp\u00f3\u0142ek, uchwa\u0142y, protoko\u0142y, wnioski do KRS i CRBR, dbam o zgodno\u015b\u0107 dokument\u00f3w i porz\u0105dek w rejestrach. Je\u015bli zale\u017cy Ci na czasie, korzystam z S24 \u2014 wcze\u015bniej dopracowuj\u0105c tre\u015b\u0107 umowy i zabezpieczenia mi\u0119dzy wsp\u00f3lnikami. Gdy...\" \/>\n<meta property=\"og:url\" content=\"https:\/\/dckancelaria.pl\/?page_id=1371\" \/>\n<meta property=\"og:site_name\" content=\"dckancelaria.pl\" \/>\n<meta property=\"article:modified_time\" content=\"2025-08-15T19:45:02+00:00\" \/>\n<meta name=\"twitter:card\" content=\"summary_large_image\" \/>\n<meta name=\"twitter:label1\" content=\"Est. reading time\" \/>\n\t<meta name=\"twitter:data1\" content=\"1 minute\" \/>\n<script type=\"application\/ld+json\" class=\"yoast-schema-graph\">{\"@context\":\"https:\/\/schema.org\",\"@graph\":[{\"@type\":\"WebPage\",\"@id\":\"https:\/\/dckancelaria.pl\/?page_id=1371\",\"url\":\"https:\/\/dckancelaria.pl\/?page_id=1371\",\"name\":\"Umowy oraz sp\u00f3\u0142ki (rejestracja, likwidacja, zmiany w KRS) - dckancelaria.pl\",\"isPartOf\":{\"@id\":\"https:\/\/dckancelaria.pl\/#website\"},\"datePublished\":\"2025-08-14T19:56:22+00:00\",\"dateModified\":\"2025-08-15T19:45:02+00:00\",\"breadcrumb\":{\"@id\":\"https:\/\/dckancelaria.pl\/?page_id=1371#breadcrumb\"},\"inLanguage\":\"en-US\",\"potentialAction\":[{\"@type\":\"ReadAction\",\"target\":[\"https:\/\/dckancelaria.pl\/?page_id=1371\"]}]},{\"@type\":\"BreadcrumbList\",\"@id\":\"https:\/\/dckancelaria.pl\/?page_id=1371#breadcrumb\",\"itemListElement\":[{\"@type\":\"ListItem\",\"position\":1,\"name\":\"Strona g\u0142\u00f3wna\",\"item\":\"https:\/\/dckancelaria.pl\/\"},{\"@type\":\"ListItem\",\"position\":2,\"name\":\"Umowy oraz sp\u00f3\u0142ki (rejestracja, likwidacja, zmiany w KRS)\"}]},{\"@type\":\"WebSite\",\"@id\":\"https:\/\/dckancelaria.pl\/#website\",\"url\":\"https:\/\/dckancelaria.pl\/\",\"name\":\"dckancelaria.pl\",\"description\":\"\",\"publisher\":{\"@id\":\"https:\/\/dckancelaria.pl\/#organization\"},\"potentialAction\":[{\"@type\":\"SearchAction\",\"target\":{\"@type\":\"EntryPoint\",\"urlTemplate\":\"https:\/\/dckancelaria.pl\/?s={search_term_string}\"},\"query-input\":{\"@type\":\"PropertyValueSpecification\",\"valueRequired\":true,\"valueName\":\"search_term_string\"}}],\"inLanguage\":\"en-US\"},{\"@type\":\"Organization\",\"@id\":\"https:\/\/dckancelaria.pl\/#organization\",\"name\":\"dckancelaria.pl\",\"url\":\"https:\/\/dckancelaria.pl\/\",\"logo\":{\"@type\":\"ImageObject\",\"inLanguage\":\"en-US\",\"@id\":\"https:\/\/dckancelaria.pl\/#\/schema\/logo\/image\/\",\"url\":\"https:\/\/dckancelaria.pl\/wp-content\/uploads\/2025\/08\/cropped-Czarne-Proste-Monoline-Nieruchomosci-Logo-\u2013-uslugi-1.png\",\"contentUrl\":\"https:\/\/dckancelaria.pl\/wp-content\/uploads\/2025\/08\/cropped-Czarne-Proste-Monoline-Nieruchomosci-Logo-\u2013-uslugi-1.png\",\"width\":800,\"height\":475,\"caption\":\"dckancelaria.pl\"},\"image\":{\"@id\":\"https:\/\/dckancelaria.pl\/#\/schema\/logo\/image\/\"}}]}<\/script>\n<!-- \/ Yoast SEO plugin. -->","yoast_head_json":{"title":"Umowy oraz sp\u00f3\u0142ki (rejestracja, likwidacja, zmiany w KRS) - dckancelaria.pl","robots":{"index":"index","follow":"follow","max-snippet":"max-snippet:-1","max-image-preview":"max-image-preview:large","max-video-preview":"max-video-preview:-1"},"canonical":"https:\/\/dckancelaria.pl\/?page_id=1371","og_locale":"en_US","og_type":"article","og_title":"Umowy oraz sp\u00f3\u0142ki (rejestracja, likwidacja, zmiany w KRS) - dckancelaria.pl","og_description":"Umowy oraz sp\u00f3\u0142kirejestracja, likwidacja, zmiany w KRS Pomagam wybra\u0107 form\u0119 prowadzenia dzia\u0142alno\u015bci i prowadz\u0119 formalno\u015bci \u201eod A do Z\u201d. Przygotowuj\u0119 umowy sp\u00f3\u0142ek, uchwa\u0142y, protoko\u0142y, wnioski do KRS i CRBR, dbam o zgodno\u015b\u0107 dokument\u00f3w i porz\u0105dek w rejestrach. Je\u015bli zale\u017cy Ci na czasie, korzystam z S24 \u2014 wcze\u015bniej dopracowuj\u0105c tre\u015b\u0107 umowy i zabezpieczenia mi\u0119dzy wsp\u00f3lnikami. Gdy...","og_url":"https:\/\/dckancelaria.pl\/?page_id=1371","og_site_name":"dckancelaria.pl","article_modified_time":"2025-08-15T19:45:02+00:00","twitter_card":"summary_large_image","twitter_misc":{"Est. reading time":"1 minute"},"schema":{"@context":"https:\/\/schema.org","@graph":[{"@type":"WebPage","@id":"https:\/\/dckancelaria.pl\/?page_id=1371","url":"https:\/\/dckancelaria.pl\/?page_id=1371","name":"Umowy oraz sp\u00f3\u0142ki (rejestracja, likwidacja, zmiany w KRS) - dckancelaria.pl","isPartOf":{"@id":"https:\/\/dckancelaria.pl\/#website"},"datePublished":"2025-08-14T19:56:22+00:00","dateModified":"2025-08-15T19:45:02+00:00","breadcrumb":{"@id":"https:\/\/dckancelaria.pl\/?page_id=1371#breadcrumb"},"inLanguage":"en-US","potentialAction":[{"@type":"ReadAction","target":["https:\/\/dckancelaria.pl\/?page_id=1371"]}]},{"@type":"BreadcrumbList","@id":"https:\/\/dckancelaria.pl\/?page_id=1371#breadcrumb","itemListElement":[{"@type":"ListItem","position":1,"name":"Strona g\u0142\u00f3wna","item":"https:\/\/dckancelaria.pl\/"},{"@type":"ListItem","position":2,"name":"Umowy oraz sp\u00f3\u0142ki (rejestracja, likwidacja, zmiany w KRS)"}]},{"@type":"WebSite","@id":"https:\/\/dckancelaria.pl\/#website","url":"https:\/\/dckancelaria.pl\/","name":"dckancelaria.pl","description":"","publisher":{"@id":"https:\/\/dckancelaria.pl\/#organization"},"potentialAction":[{"@type":"SearchAction","target":{"@type":"EntryPoint","urlTemplate":"https:\/\/dckancelaria.pl\/?s={search_term_string}"},"query-input":{"@type":"PropertyValueSpecification","valueRequired":true,"valueName":"search_term_string"}}],"inLanguage":"en-US"},{"@type":"Organization","@id":"https:\/\/dckancelaria.pl\/#organization","name":"dckancelaria.pl","url":"https:\/\/dckancelaria.pl\/","logo":{"@type":"ImageObject","inLanguage":"en-US","@id":"https:\/\/dckancelaria.pl\/#\/schema\/logo\/image\/","url":"https:\/\/dckancelaria.pl\/wp-content\/uploads\/2025\/08\/cropped-Czarne-Proste-Monoline-Nieruchomosci-Logo-\u2013-uslugi-1.png","contentUrl":"https:\/\/dckancelaria.pl\/wp-content\/uploads\/2025\/08\/cropped-Czarne-Proste-Monoline-Nieruchomosci-Logo-\u2013-uslugi-1.png","width":800,"height":475,"caption":"dckancelaria.pl"},"image":{"@id":"https:\/\/dckancelaria.pl\/#\/schema\/logo\/image\/"}}]}},"_links":{"self":[{"href":"https:\/\/dckancelaria.pl\/index.php?rest_route=\/wp\/v2\/pages\/1371","targetHints":{"allow":["GET"]}}],"collection":[{"href":"https:\/\/dckancelaria.pl\/index.php?rest_route=\/wp\/v2\/pages"}],"about":[{"href":"https:\/\/dckancelaria.pl\/index.php?rest_route=\/wp\/v2\/types\/page"}],"author":[{"embeddable":true,"href":"https:\/\/dckancelaria.pl\/index.php?rest_route=\/wp\/v2\/users\/1"}],"replies":[{"embeddable":true,"href":"https:\/\/dckancelaria.pl\/index.php?rest_route=%2Fwp%2Fv2%2Fcomments&post=1371"}],"version-history":[{"count":16,"href":"https:\/\/dckancelaria.pl\/index.php?rest_route=\/wp\/v2\/pages\/1371\/revisions"}],"predecessor-version":[{"id":1499,"href":"https:\/\/dckancelaria.pl\/index.php?rest_route=\/wp\/v2\/pages\/1371\/revisions\/1499"}],"wp:attachment":[{"href":"https:\/\/dckancelaria.pl\/index.php?rest_route=%2Fwp%2Fv2%2Fmedia&parent=1371"}],"curies":[{"name":"wp","href":"https:\/\/api.w.org\/{rel}","templated":true}]}}